{"id":966,"date":"2022-06-01T17:09:35","date_gmt":"2022-06-01T15:09:35","guid":{"rendered":"https:\/\/lefoyerxl.be\/?page_id=966"},"modified":"2022-08-04T16:52:07","modified_gmt":"2022-08-04T14:52:07","slug":"articles-bruxelles-capitale","status":"publish","type":"page","link":"https:\/\/lefoyerxl.be\/uk\/\u0441\u0442\u0430\u0442\u0442\u0456-\u0431\u0440\u044e\u0441\u0441\u0435\u043b\u044c-\u0441\u0442\u043e\u043b\u0438\u0446\u044f-2\/","title":{"rendered":"\u0411\u0440\u044e\u0441\u0441\u0435\u043b\u044c \u041a\u0430\u043f\u0456\u0442\u0430\u043b"},"content":{"rendered":"<div data-elementor-type=\"wp-page\" data-elementor-id=\"966\" class=\"elementor elementor-966\" data-elementor-post-type=\"page\">\n\t\t\t\t\t\t<section class=\"elementor-section elementor-top-section elementor-element elementor-element-7a8cd24 elementor-section-boxed elementor-section-height-default elementor-section-height-default\" data-id=\"7a8cd24\" data-element_type=\"section\" data-e-type=\"section\">\n\t\t\t\t\t\t<div class=\"elementor-container elementor-column-gap-default\">\n\t\t\t\t\t<div class=\"elementor-column elementor-col-100 elementor-top-column elementor-element elementor-element-b12c485\" data-id=\"b12c485\" data-element_type=\"column\" data-e-type=\"column\">\n\t\t\t<div class=\"elementor-widget-wrap elementor-element-populated\">\n\t\t\t\t\t\t<div class=\"elementor-element elementor-element-aa28bcb elementor-posts--thumbnail-none elementor-posts--align-center elementor-grid-3 elementor-grid-tablet-2 elementor-grid-mobile-1 elementor-widget elementor-widget-posts\" data-id=\"aa28bcb\" data-element_type=\"widget\" data-e-type=\"widget\" data-settings=\"{&quot;classic_columns&quot;:&quot;3&quot;,&quot;classic_columns_tablet&quot;:&quot;2&quot;,&quot;classic_columns_mobile&quot;:&quot;1&quot;,&quot;classic_row_gap&quot;:{&quot;unit&quot;:&quot;px&quot;,&quot;size&quot;:35,&quot;sizes&quot;:[]},&quot;classic_row_gap_tablet&quot;:{&quot;unit&quot;:&quot;px&quot;,&quot;size&quot;:&quot;&quot;,&quot;sizes&quot;:[]},&quot;classic_row_gap_mobile&quot;:{&quot;unit&quot;:&quot;px&quot;,&quot;size&quot;:&quot;&quot;,&quot;sizes&quot;:[]}}\" data-widget_type=\"posts.classic\">\n\t\t\t\t<div class=\"elementor-widget-container\">\n\t\t\t\t\t\t\t<div class=\"elementor-posts-container elementor-posts elementor-posts--skin-classic elementor-grid\" role=\"list\">\n\t\t\t\t<article class=\"elementor-post elementor-grid-item post-2140 bruxelles-capitale type-bruxelles-capitale status-publish hentry entry\" role=\"listitem\">\n\t\t\t\t<div class=\"elementor-post__text\">\n\t\t\t\t<h3 class=\"elementor-post__title\">\n\t\t\t<a href=\"https:\/\/lefoyerxl.be\/uk\/bruxelles-capitale\/\u0431\u0454\u043d\u0432\u0435\u043d\u044e-\u0430-\u0431\u0440\u044e\u0441\u0441\u0435\u043b\u044c-2\/\" >\n\t\t\t\t\u041b\u0430\u0441\u043a\u0430\u0432\u043e \u043f\u0440\u043e\u0441\u0438\u043c\u043e \u0434\u043e \u0411\u0440\u044e\u0441\u0441\u0435\u043b\u044f\t\t\t<\/a>\n\t\t<\/h3>\n\t\t\t\t<\/div>\n\t\t\t\t<\/article>\n\t\t\t\t<article class=\"elementor-post elementor-grid-item post-2132 bruxelles-capitale type-bruxelles-capitale status-publish hentry entry\" role=\"listitem\">\n\t\t\t\t<div class=\"elementor-post__text\">\n\t\t\t\t<h3 class=\"elementor-post__title\">\n\t\t\t<a href=\"https:\/\/lefoyerxl.be\/uk\/bruxelles-capitale\/\u0456\u0441\u0442\u043e\u0440\u0456\u044f-\u0431\u0440\u044e\u0441\u0441\u0435\u043b\u044f-\u0442\u0430-\u0431\u0435\u043b\u044c\u0433\u0456\u0457-\u0443-\u0434\u043e\u0432\u0456\u0434\u043d\u0438\/\" >\n\t\t\t\t\u041a\u043e\u0440\u043e\u0442\u043a\u0430 \u0456\u0441\u0442\u043e\u0440\u0456\u044f \u0411\u0440\u044e\u0441\u0441\u0435\u043b\u044f \u0442\u0430 \u0411\u0435\u043b\u044c\u0433\u0456\u0457\t\t\t<\/a>\n\t\t<\/h3>\n\t\t\t\t<\/div>\n\t\t\t\t<\/article>\n\t\t\t\t<article class=\"elementor-post elementor-grid-item post-2128 bruxelles-capitale type-bruxelles-capitale status-publish hentry entry\" role=\"listitem\">\n\t\t\t\t<div class=\"elementor-post__text\">\n\t\t\t\t<h3 class=\"elementor-post__title\">\n\t\t\t<a href=\"https:\/\/lefoyerxl.be\/uk\/bruxelles-capitale\/\u0431\u0435\u043b\u044c\u0433\u0456\u0439\u0441\u044c\u043a\u0456-\u0443\u0441\u0442\u0430\u043d\u043e\u0432\u0438-2\/\" >\n\t\t\t\t\u0411\u0435\u043b\u044c\u0433\u0456\u0439\u0441\u044c\u043a\u0456 \u0443\u0441\u0442\u0430\u043d\u043e\u0432\u0438\t\t\t<\/a>\n\t\t<\/h3>\n\t\t\t\t<\/div>\n\t\t\t\t<\/article>\n\t\t\t\t<article class=\"elementor-post elementor-grid-item post-2084 bruxelles-capitale type-bruxelles-capitale status-publish hentry entry\" role=\"listitem\">\n\t\t\t\t<div class=\"elementor-post__text\">\n\t\t\t\t<h3 class=\"elementor-post__title\">\n\t\t\t<a href=\"https:\/\/lefoyerxl.be\/uk\/bruxelles-capitale\/\u0454\u0432\u0440\u043e\u043f\u0435\u0439\u0441\u044c\u043a\u0456-\u0456\u043d\u0441\u0442\u0438\u0442\u0443\u0446\u0456\u0457-\u0432-\u0431\u0440\u044e\u0441\u0441\u0435\u043b\u0456-2\/\" >\n\t\t\t\t\u0404\u0432\u0440\u043e\u043f\u0435\u0439\u0441\u044c\u043a\u0456 \u0456\u043d\u0441\u0442\u0438\u0442\u0443\u0446\u0456\u0457 \u0432 \u0411\u0440\u044e\u0441\u0441\u0435\u043b\u0456\t\t\t<\/a>\n\t\t<\/h3>\n\t\t\t\t<\/div>\n\t\t\t\t<\/article>\n\t\t\t\t<article class=\"elementor-post elementor-grid-item post-2070 bruxelles-capitale type-bruxelles-capitale status-publish hentry entry\" role=\"listitem\">\n\t\t\t\t<div class=\"elementor-post__text\">\n\t\t\t\t<h3 class=\"elementor-post__title\">\n\t\t\t<a href=\"https:\/\/lefoyerxl.be\/uk\/bruxelles-capitale\/\u043c\u0456\u0436\u043d\u0430\u0440\u043e\u0434\u043d\u0456-\u0456\u043d\u0441\u0442\u0438\u0442\u0443\u0446\u0456\u0457-\u0432-\u0431\u0440\u044e\u0441\u0441\u0435\u043b\u0456\/\" >\n\t\t\t\t\u041c\u0456\u0436\u043d\u0430\u0440\u043e\u0434\u043d\u0456 \u0456\u043d\u0441\u0442\u0438\u0442\u0443\u0446\u0456\u0457 \u0432 \u0411\u0440\u044e\u0441\u0441\u0435\u043b\u0456\t\t\t<\/a>\n\t\t<\/h3>\n\t\t\t\t<\/div>\n\t\t\t\t<\/article>\n\t\t\t\t<article class=\"elementor-post elementor-grid-item post-2042 bruxelles-capitale type-bruxelles-capitale status-publish hentry entry\" role=\"listitem\">\n\t\t\t\t<div class=\"elementor-post__text\">\n\t\t\t\t<h3 class=\"elementor-post__title\">\n\t\t\t<a href=\"https:\/\/lefoyerxl.be\/uk\/bruxelles-capitale\/brussels-19-communities\/\" >\n\t\t\t\t\u0411\u0440\u044e\u0441\u0441\u0435\u043b\u044c, 19 \u043a\u043e\u043c\u0443\u043d\t\t\t<\/a>\n\t\t<\/h3>\n\t\t\t\t<\/div>\n\t\t\t\t<\/article>\n\t\t\t\t<\/div>\n\t\t\n\t\t\t\t\t\t<\/div>\n\t\t\t\t<\/div>\n\t\t\t\t<div class=\"elementor-element elementor-element-2fff215 elementor-widget elementor-widget-text-editor\" data-id=\"2fff215\" data-element_type=\"widget\" data-e-type=\"widget\" data-widget_type=\"text-editor.default\">\n\t\t\t\t<div class=\"elementor-widget-container\">\n\t\t\t\t\t\t\t\t\t<p lang=\"fr-FR\" align=\"justify\">\u00a0<\/p><p lang=\"fr-FR\" align=\"justify\">\u00a0<\/p><p lang=\"fr-FR\" align=\"justify\">\u0411\u0443\u0434\u0443\u0447\u0438 \u0441\u0442\u043e\u043b\u0438\u0446\u0435\u044e \u043a\u0456\u043b\u044c\u043a\u043e\u0445 \u043a\u0440\u0430\u0457\u043d (\u0424\u0435\u0434\u0435\u0440\u0430\u0442\u0438\u0432\u043d\u043e\u0457 \u0434\u0435\u0440\u0436\u0430\u0432\u0438, \u0424\u0440\u0430\u043d\u0446\u0443\u0437\u044c\u043a\u043e\u0457 \u0441\u043f\u0456\u043b\u044c\u043d\u043e\u0442\u0438 \u0411\u0435\u043b\u044c\u0433\u0456\u0457, \u0424\u043b\u0430\u043c\u0430\u043d\u0434\u0441\u044c\u043a\u043e\u0457 \u0441\u043f\u0456\u043b\u044c\u043d\u043e\u0442\u0438 \u0442\u0430 \u0411\u0440\u044e\u0441\u0441\u0435\u043b\u044c\u0441\u044c\u043a\u043e\u0433\u043e \u0441\u0442\u043e\u043b\u0438\u0447\u043d\u043e\u0433\u043e \u0440\u0435\u0433\u0456\u043e\u043d\u0443), \u0411\u0440\u044e\u0441\u0441\u0435\u043b\u044c \u0442\u0430\u043a\u043e\u0436 \u0432\u0456\u0434\u043e\u043c\u0438\u0439 \u044f\u043a \u043f\u043e\u043b\u0456\u0442\u0438\u0447\u043d\u0430 \u0442\u0430 \u0430\u0434\u043c\u0456\u043d\u0456\u0441\u0442\u0440\u0430\u0442\u0438\u0432\u043d\u0430 \u0441\u0442\u043e\u043b\u0438\u0446\u044f \u0404\u0432\u0440\u043e\u043f\u0435\u0439\u0441\u044c\u043a\u043e\u0433\u043e \u0421\u043e\u044e\u0437\u0443. \u0411\u0440\u044e\u0441\u0441\u0435\u043b\u044c\u0441\u044c\u043a\u0438\u0439 \u0441\u0442\u043e\u043b\u0438\u0447\u043d\u0438\u0439 \u0440\u0435\u0433\u0456\u043e\u043d, \u044f\u043a\u0438\u0439 \u0454 \u043f\u0435\u0440\u0435\u0432\u0430\u0436\u043d\u043e \u0444\u0440\u0430\u043d\u043a\u043e\u043c\u043e\u0432\u043d\u0438\u043c, \u0430\u043b\u0435 \u043c\u0430\u0454 \u0434\u0432\u043e\u043c\u043e\u0432\u043d\u0443 \u0444\u0440\u0430\u043d\u043a\u043e-\u043d\u0456\u0434\u0435\u0440\u043b\u0430\u043d\u0434\u0441\u044c\u043a\u0443 \u0430\u0434\u043c\u0456\u043d\u0456\u0441\u0442\u0440\u0430\u0446\u0456\u044e, \u0441\u043a\u043b\u0430\u0434\u0430\u0454\u0442\u044c\u0441\u044f \u0437 19 \u043c\u0443\u043d\u0456\u0446\u0438\u043f\u0430\u043b\u0456\u0442\u0435\u0442\u0456\u0432, \u0432\u043a\u043b\u044e\u0447\u0430\u044e\u0447\u0438 \u043c\u0456\u0441\u0442\u043e \u0411\u0440\u044e\u0441\u0441\u0435\u043b\u044c, \u0456 \u043c\u0430\u0454 \u043d\u0430\u0441\u0435\u043b\u0435\u043d\u043d\u044f \u0431\u043b\u0438\u0437\u044c\u043a\u043e 1 \u043c\u0456\u043b\u044c\u0439\u043e\u043d\u0430 \u043e\u0441\u0456\u0431. \u0412\u0456\u043d \u043e\u0442\u043e\u0447\u0435\u043d\u0438\u0439 \u043a\u0456\u043b\u044c\u0446\u0435\u043c \u0433\u043e\u043b\u043b\u0430\u043d\u0434\u0441\u044c\u043a\u043e\u043c\u043e\u0432\u043d\u0438\u0445 \u043a\u043e\u043c\u0443\u043d, \u0434\u0435 \u0444\u043b\u0430\u043c\u0430\u043d\u0434\u0441\u044c\u043a\u0430 \u043c\u043e\u0432\u0430 \u0442\u0430\u043a\u043e\u0436 \u0454 \u043e\u0444\u0456\u0446\u0456\u0439\u043d\u043e\u044e \u043c\u043e\u0432\u043e\u044e \u0434\u043b\u044f \u0432\u0441\u0456\u0445 \u0430\u0434\u043c\u0456\u043d\u0456\u0441\u0442\u0440\u0430\u0442\u0438\u0432\u043d\u0438\u0445 \u043f\u0440\u043e\u0446\u0435\u0434\u0443\u0440. \u0428\u0456\u0441\u0442\u044c \u0437 \u0446\u0438\u0445 \u043c\u0443\u043d\u0456\u0446\u0438\u043f\u0430\u043b\u0456\u0442\u0435\u0442\u0456\u0432, \u0432\u0456\u0434\u043e\u043c\u0438\u0445 \u044f\u043a \"\u043a\u043e\u043c\u0443\u043d\u0438 \u0441\u043f\u0440\u0438\u044f\u043d\u043d\u044f\", \u043c\u0430\u044e\u0442\u044c \u043e\u0441\u043e\u0431\u043b\u0438\u0432\u0438\u0439 \u043c\u043e\u0432\u043d\u0438\u0439 \u0441\u0442\u0430\u0442\u0443\u0441.<\/p>\t\t\t\t\t\t\t\t<\/div>\n\t\t\t\t<\/div>\n\t\t\t\t\t<\/div>\n\t\t<\/div>\n\t\t\t\t\t<\/div>\n\t\t<\/section>\n\t\t\t\t<section class=\"elementor-section elementor-top-section elementor-element elementor-element-6031b8a elementor-section-boxed elementor-section-height-default elementor-section-height-default\" data-id=\"6031b8a\" data-element_type=\"section\" data-e-type=\"section\">\n\t\t\t\t\t\t<div class=\"elementor-container elementor-column-gap-default\">\n\t\t\t\t\t<div class=\"elementor-column elementor-col-100 elementor-top-column elementor-element elementor-element-a9b52ab\" data-id=\"a9b52ab\" data-element_type=\"column\" data-e-type=\"column\">\n\t\t\t<div class=\"elementor-widget-wrap elementor-element-populated\">\n\t\t\t\t\t\t<div class=\"elementor-element elementor-element-17fc29b elementor-widget elementor-widget-video\" data-id=\"17fc29b\" data-element_type=\"widget\" data-e-type=\"widget\" data-settings=\"{&quot;youtube_url&quot;:&quot;https:\\\/\\\/youtu.be\\\/GuIw3k2nB04&quot;,&quot;video_type&quot;:&quot;youtube&quot;,&quot;controls&quot;:&quot;yes&quot;}\" data-widget_type=\"video.default\">\n\t\t\t\t<div class=\"elementor-widget-container\">\n\t\t\t\t\t\t\t<div class=\"elementor-wrapper elementor-open-inline\">\n\t\t\t<div class=\"elementor-video\"><\/div>\t\t<\/div>\n\t\t\t\t\t\t<\/div>\n\t\t\t\t<\/div>\n\t\t\t\t\t<\/div>\n\t\t<\/div>\n\t\t\t\t\t<\/div>\n\t\t<\/section>\n\t\t\t\t<\/div>","protected":false},"excerpt":{"rendered":"<p>\u041c\u043d\u043e\u0436\u0438\u043d\u043d\u0438\u0439 \u043a\u0430\u043f\u0456\u0442\u0430\u043b (\u0444\u0435\u0434\u0435\u0440\u0430\u043b\u044c\u043d\u043e\u0457 \u0434\u0435\u0440\u0436\u0430\u0432\u0438, \u0444\u0440\u0430\u043d\u043a\u043e\u043c\u043e\u0432\u043d\u043e\u0457 \u0421\u043f\u0456\u043b\u044c\u043d\u043e\u0442\u0438 \u0444\u0440\u0430\u043d\u043a\u043e\u043c\u043e\u0432\u043d\u0438\u0445<\/p>","protected":false},"author":1,"featured_media":0,"parent":0,"menu_order":0,"comment_status":"closed","ping_status":"closed","template":"","meta":{"_acf_changed":false,"footnotes":""},"class_list":["post-966","page","type-page","status-publish","hentry","entry"],"acf":[],"yoast_head":"<!-- This site is optimized with the Yoast SEO plugin v27.3 - https:\/\/yoast.com\/product\/yoast-seo-wordpress\/ -->\n<title>Bruxelles Capitale - Centre de sant\u00e9 le foyer<\/title>\n<meta name=\"description\" content=\"Nouveau arrivant \u00e0 Bruxelles ? Le Centre de Sant\u00e9 le Foyer vous offre un tour guid\u00e9 de la capitale !\" \/>\n<meta name=\"robots\" content=\"index, follow, max-snippet:-1, max-image-preview:large, max-video-preview:-1\" \/>\n<link rel=\"canonical\" href=\"https:\/\/lefoyerxl.be\/uk\/\u0441\u0442\u0430\u0442\u0442\u0456-\u0431\u0440\u044e\u0441\u0441\u0435\u043b\u044c-\u0441\u0442\u043e\u043b\u0438\u0446\u044f-2\/\" \/>\n<meta property=\"og:locale\" content=\"uk_UA\" \/>\n<meta property=\"og:type\" content=\"article\" \/>\n<meta property=\"og:title\" content=\"Bruxelles Capitale - Centre de sant\u00e9 le foyer\" \/>\n<meta property=\"og:description\" content=\"Nouveau arrivant \u00e0 Bruxelles ? Le Centre de Sant\u00e9 le Foyer vous offre un tour guid\u00e9 de la capitale !\" \/>\n<meta property=\"og:url\" content=\"https:\/\/lefoyerxl.be\/uk\/\u0441\u0442\u0430\u0442\u0442\u0456-\u0431\u0440\u044e\u0441\u0441\u0435\u043b\u044c-\u0441\u0442\u043e\u043b\u0438\u0446\u044f-2\/\" \/>\n<meta property=\"og:site_name\" content=\"Centre de sant\u00e9 le foyer\" \/>\n<meta property=\"article:modified_time\" content=\"2022-08-04T14:52:07+00:00\" \/>\n<meta name=\"twitter:card\" content=\"summary_large_image\" \/>\n<meta name=\"twitter:label1\" content=\"\u041f\u0440\u0438\u0431\u043b. \u0447\u0430\u0441 \u0447\u0438\u0442\u0430\u043d\u043d\u044f\" \/>\n\t<meta name=\"twitter:data1\" content=\"1 \u0445\u0432\u0438\u043b\u0438\u043d\u0430\" \/>\n<script type=\"application\/ld+json\" class=\"yoast-schema-graph\">{\"@context\":\"https:\\\/\\\/schema.org\",\"@graph\":[{\"@type\":\"WebPage\",\"@id\":\"https:\\\/\\\/lefoyerxl.be\\\/articles-bruxelles-capitale\\\/\",\"url\":\"https:\\\/\\\/lefoyerxl.be\\\/articles-bruxelles-capitale\\\/\",\"name\":\"Bruxelles Capitale - Centre de sant\u00e9 le foyer\",\"isPartOf\":{\"@id\":\"https:\\\/\\\/lefoyerxl.be\\\/#website\"},\"datePublished\":\"2022-06-01T15:09:35+00:00\",\"dateModified\":\"2022-08-04T14:52:07+00:00\",\"description\":\"Nouveau arrivant \u00e0 Bruxelles ? Le Centre de Sant\u00e9 le Foyer vous offre un tour guid\u00e9 de la capitale !\",\"breadcrumb\":{\"@id\":\"https:\\\/\\\/lefoyerxl.be\\\/articles-bruxelles-capitale\\\/#breadcrumb\"},\"inLanguage\":\"uk\",\"potentialAction\":[{\"@type\":\"ReadAction\",\"target\":[\"https:\\\/\\\/lefoyerxl.be\\\/articles-bruxelles-capitale\\\/\"]}]},{\"@type\":\"BreadcrumbList\",\"@id\":\"https:\\\/\\\/lefoyerxl.be\\\/articles-bruxelles-capitale\\\/#breadcrumb\",\"itemListElement\":[{\"@type\":\"ListItem\",\"position\":1,\"name\":\"Accueil\",\"item\":\"https:\\\/\\\/lefoyerxl.be\\\/\"},{\"@type\":\"ListItem\",\"position\":2,\"name\":\"Bruxelles Capitale\"}]},{\"@type\":\"WebSite\",\"@id\":\"https:\\\/\\\/lefoyerxl.be\\\/#website\",\"url\":\"https:\\\/\\\/lefoyerxl.be\\\/\",\"name\":\"Centre de sant\u00e9 le foyer\",\"description\":\"\",\"publisher\":{\"@id\":\"https:\\\/\\\/lefoyerxl.be\\\/#organization\"},\"potentialAction\":[{\"@type\":\"SearchAction\",\"target\":{\"@type\":\"EntryPoint\",\"urlTemplate\":\"https:\\\/\\\/lefoyerxl.be\\\/?s={search_term_string}\"},\"query-input\":{\"@type\":\"PropertyValueSpecification\",\"valueRequired\":true,\"valueName\":\"search_term_string\"}}],\"inLanguage\":\"uk\"},{\"@type\":\"Organization\",\"@id\":\"https:\\\/\\\/lefoyerxl.be\\\/#organization\",\"name\":\"Centre de sant\u00e9 le foyer\",\"url\":\"https:\\\/\\\/lefoyerxl.be\\\/\",\"logo\":{\"@type\":\"ImageObject\",\"inLanguage\":\"uk\",\"@id\":\"https:\\\/\\\/lefoyerxl.be\\\/#\\\/schema\\\/logo\\\/image\\\/\",\"url\":\"https:\\\/\\\/lefoyerxl.be\\\/wp-content\\\/uploads\\\/2022\\\/05\\\/Logo_Centre_de_sante_Le_Foyer_72dpi.png\",\"contentUrl\":\"https:\\\/\\\/lefoyerxl.be\\\/wp-content\\\/uploads\\\/2022\\\/05\\\/Logo_Centre_de_sante_Le_Foyer_72dpi.png\",\"width\":800,\"height\":620,\"caption\":\"Centre de sant\u00e9 le foyer\"},\"image\":{\"@id\":\"https:\\\/\\\/lefoyerxl.be\\\/#\\\/schema\\\/logo\\\/image\\\/\"}}]}<\/script>\n<!-- \/ Yoast SEO plugin. -->","yoast_head_json":{"title":"\u0411\u0440\u044e\u0441\u0441\u0435\u043b\u044c\u0441\u044c\u043a\u0430 \u0441\u0442\u043e\u043b\u0438\u0446\u044f - \u043c\u0435\u0434\u0438\u0447\u043d\u0438\u0439 \u0446\u0435\u043d\u0442\u0440 Le foyer","description":"\u0412\u0438 \u0432\u043f\u0435\u0440\u0448\u0435 \u0432 \u0411\u0440\u044e\u0441\u0441\u0435\u043b\u0456? Centre de Sant\u00e9 le Foyer \u0437\u0430\u043f\u0440\u043e\u0448\u0443\u0454 \u0432\u0430\u0441 \u043d\u0430 \u0435\u043a\u0441\u043a\u0443\u0440\u0441\u0456\u044e \u0441\u0442\u043e\u043b\u0438\u0446\u0435\u044e!","robots":{"index":"index","follow":"follow","max-snippet":"max-snippet:-1","max-image-preview":"max-image-preview:large","max-video-preview":"max-video-preview:-1"},"canonical":"https:\/\/lefoyerxl.be\/uk\/\u0441\u0442\u0430\u0442\u0442\u0456-\u0431\u0440\u044e\u0441\u0441\u0435\u043b\u044c-\u0441\u0442\u043e\u043b\u0438\u0446\u044f-2\/","og_locale":"uk_UA","og_type":"article","og_title":"Bruxelles Capitale - Centre de sant\u00e9 le foyer","og_description":"Nouveau arrivant \u00e0 Bruxelles ? Le Centre de Sant\u00e9 le Foyer vous offre un tour guid\u00e9 de la capitale !","og_url":"https:\/\/lefoyerxl.be\/uk\/\u0441\u0442\u0430\u0442\u0442\u0456-\u0431\u0440\u044e\u0441\u0441\u0435\u043b\u044c-\u0441\u0442\u043e\u043b\u0438\u0446\u044f-2\/","og_site_name":"Centre de sant\u00e9 le foyer","article_modified_time":"2022-08-04T14:52:07+00:00","twitter_card":"summary_large_image","twitter_misc":{"\u041f\u0440\u0438\u0431\u043b. \u0447\u0430\u0441 \u0447\u0438\u0442\u0430\u043d\u043d\u044f":"1 \u0445\u0432\u0438\u043b\u0438\u043d\u0430"},"schema":{"@context":"https:\/\/schema.org","@graph":[{"@type":"WebPage","@id":"https:\/\/lefoyerxl.be\/articles-bruxelles-capitale\/","url":"https:\/\/lefoyerxl.be\/articles-bruxelles-capitale\/","name":"\u0411\u0440\u044e\u0441\u0441\u0435\u043b\u044c\u0441\u044c\u043a\u0430 \u0441\u0442\u043e\u043b\u0438\u0446\u044f - \u043c\u0435\u0434\u0438\u0447\u043d\u0438\u0439 \u0446\u0435\u043d\u0442\u0440 Le foyer","isPartOf":{"@id":"https:\/\/lefoyerxl.be\/#website"},"datePublished":"2022-06-01T15:09:35+00:00","dateModified":"2022-08-04T14:52:07+00:00","description":"\u0412\u0438 \u0432\u043f\u0435\u0440\u0448\u0435 \u0432 \u0411\u0440\u044e\u0441\u0441\u0435\u043b\u0456? Centre de Sant\u00e9 le Foyer \u0437\u0430\u043f\u0440\u043e\u0448\u0443\u0454 \u0432\u0430\u0441 \u043d\u0430 \u0435\u043a\u0441\u043a\u0443\u0440\u0441\u0456\u044e \u0441\u0442\u043e\u043b\u0438\u0446\u0435\u044e!","breadcrumb":{"@id":"https:\/\/lefoyerxl.be\/articles-bruxelles-capitale\/#breadcrumb"},"inLanguage":"uk","potentialAction":[{"@type":"ReadAction","target":["https:\/\/lefoyerxl.be\/articles-bruxelles-capitale\/"]}]},{"@type":"BreadcrumbList","@id":"https:\/\/lefoyerxl.be\/articles-bruxelles-capitale\/#breadcrumb","itemListElement":[{"@type":"ListItem","position":1,"name":"Accueil","item":"https:\/\/lefoyerxl.be\/"},{"@type":"ListItem","position":2,"name":"Bruxelles Capitale"}]},{"@type":"WebSite","@id":"https:\/\/lefoyerxl.be\/#website","url":"https:\/\/lefoyerxl.be\/","name":"\u041e\u0437\u0434\u043e\u0440\u043e\u0432\u0447\u0438\u0439 \u0446\u0435\u043d\u0442\u0440 le foyer","description":"","publisher":{"@id":"https:\/\/lefoyerxl.be\/#organization"},"potentialAction":[{"@type":"SearchAction","target":{"@type":"EntryPoint","urlTemplate":"https:\/\/lefoyerxl.be\/?s={search_term_string}"},"query-input":{"@type":"PropertyValueSpecification","valueRequired":true,"valueName":"search_term_string"}}],"inLanguage":"uk"},{"@type":"Organization","@id":"https:\/\/lefoyerxl.be\/#organization","name":"\u041e\u0437\u0434\u043e\u0440\u043e\u0432\u0447\u0438\u0439 \u0446\u0435\u043d\u0442\u0440 le foyer","url":"https:\/\/lefoyerxl.be\/","logo":{"@type":"ImageObject","inLanguage":"uk","@id":"https:\/\/lefoyerxl.be\/#\/schema\/logo\/image\/","url":"https:\/\/lefoyerxl.be\/wp-content\/uploads\/2022\/05\/Logo_Centre_de_sante_Le_Foyer_72dpi.png","contentUrl":"https:\/\/lefoyerxl.be\/wp-content\/uploads\/2022\/05\/Logo_Centre_de_sante_Le_Foyer_72dpi.png","width":800,"height":620,"caption":"Centre de sant\u00e9 le foyer"},"image":{"@id":"https:\/\/lefoyerxl.be\/#\/schema\/logo\/image\/"}}]}},"_links":{"self":[{"href":"https:\/\/lefoyerxl.be\/uk\/wp-json\/wp\/v2\/pages\/966","targetHints":{"allow":["GET"]}}],"collection":[{"href":"https:\/\/lefoyerxl.be\/uk\/wp-json\/wp\/v2\/pages"}],"about":[{"href":"https:\/\/lefoyerxl.be\/uk\/wp-json\/wp\/v2\/types\/page"}],"author":[{"embeddable":true,"href":"https:\/\/lefoyerxl.be\/uk\/wp-json\/wp\/v2\/users\/1"}],"replies":[{"embeddable":true,"href":"https:\/\/lefoyerxl.be\/uk\/wp-json\/wp\/v2\/comments?post=966"}],"version-history":[{"count":26,"href":"https:\/\/lefoyerxl.be\/uk\/wp-json\/wp\/v2\/pages\/966\/revisions"}],"predecessor-version":[{"id":3253,"href":"https:\/\/lefoyerxl.be\/uk\/wp-json\/wp\/v2\/pages\/966\/revisions\/3253"}],"wp:attachment":[{"href":"https:\/\/lefoyerxl.be\/uk\/wp-json\/wp\/v2\/media?parent=966"}],"curies":[{"name":"wp","href":"https:\/\/api.w.org\/{rel}","templated":true}]}}