{"id":966,"date":"2022-06-01T17:09:35","date_gmt":"2022-06-01T15:09:35","guid":{"rendered":"https:\/\/lefoyerxl.be\/?page_id=966"},"modified":"2022-08-04T16:52:07","modified_gmt":"2022-08-04T14:52:07","slug":"articles-bruxelles-capitale","status":"publish","type":"page","link":"https:\/\/lefoyerxl.be\/nl\/artikelen-brussel-hoofdstad\/","title":{"rendered":"Brussel Hoofdstad"},"content":{"rendered":"<div data-elementor-type=\"wp-page\" data-elementor-id=\"966\" class=\"elementor elementor-966\" data-elementor-post-type=\"page\">\n\t\t\t\t\t\t<section class=\"elementor-section elementor-top-section elementor-element elementor-element-7a8cd24 elementor-section-boxed elementor-section-height-default elementor-section-height-default\" data-id=\"7a8cd24\" data-element_type=\"section\" data-e-type=\"section\">\n\t\t\t\t\t\t<div class=\"elementor-container elementor-column-gap-default\">\n\t\t\t\t\t<div class=\"elementor-column elementor-col-100 elementor-top-column elementor-element elementor-element-b12c485\" data-id=\"b12c485\" data-element_type=\"column\" data-e-type=\"column\">\n\t\t\t<div class=\"elementor-widget-wrap elementor-element-populated\">\n\t\t\t\t\t\t<div class=\"elementor-element elementor-element-aa28bcb elementor-posts--thumbnail-none elementor-posts--align-center elementor-grid-3 elementor-grid-tablet-2 elementor-grid-mobile-1 elementor-widget elementor-widget-posts\" data-id=\"aa28bcb\" data-element_type=\"widget\" data-e-type=\"widget\" data-settings=\"{&quot;classic_columns&quot;:&quot;3&quot;,&quot;classic_columns_tablet&quot;:&quot;2&quot;,&quot;classic_columns_mobile&quot;:&quot;1&quot;,&quot;classic_row_gap&quot;:{&quot;unit&quot;:&quot;px&quot;,&quot;size&quot;:35,&quot;sizes&quot;:[]},&quot;classic_row_gap_tablet&quot;:{&quot;unit&quot;:&quot;px&quot;,&quot;size&quot;:&quot;&quot;,&quot;sizes&quot;:[]},&quot;classic_row_gap_mobile&quot;:{&quot;unit&quot;:&quot;px&quot;,&quot;size&quot;:&quot;&quot;,&quot;sizes&quot;:[]}}\" data-widget_type=\"posts.classic\">\n\t\t\t\t<div class=\"elementor-widget-container\">\n\t\t\t\t\t\t\t<div class=\"elementor-posts-container elementor-posts elementor-posts--skin-classic elementor-grid\" role=\"list\">\n\t\t\t\t<article class=\"elementor-post elementor-grid-item post-2140 bruxelles-capitale type-bruxelles-capitale status-publish hentry entry\" role=\"listitem\">\n\t\t\t\t<div class=\"elementor-post__text\">\n\t\t\t\t<h3 class=\"elementor-post__title\">\n\t\t\t<a href=\"https:\/\/lefoyerxl.be\/nl\/bruxelles-capitale\/bienvenu-a-bruxelles\/\" >\n\t\t\t\tWelkom in Brussel\t\t\t<\/a>\n\t\t<\/h3>\n\t\t\t\t<\/div>\n\t\t\t\t<\/article>\n\t\t\t\t<article class=\"elementor-post elementor-grid-item post-2132 bruxelles-capitale type-bruxelles-capitale status-publish hentry entry\" role=\"listitem\">\n\t\t\t\t<div class=\"elementor-post__text\">\n\t\t\t\t<h3 class=\"elementor-post__title\">\n\t\t\t<a href=\"https:\/\/lefoyerxl.be\/nl\/bruxelles-capitale\/geschiedenis-van-brussel-en-belgie-in-bref\/\" >\n\t\t\t\tGeschiedenis van Brussel en Belgi\u00eb in het kort\t\t\t<\/a>\n\t\t<\/h3>\n\t\t\t\t<\/div>\n\t\t\t\t<\/article>\n\t\t\t\t<article class=\"elementor-post elementor-grid-item post-2128 bruxelles-capitale type-bruxelles-capitale status-publish hentry entry\" role=\"listitem\">\n\t\t\t\t<div class=\"elementor-post__text\">\n\t\t\t\t<h3 class=\"elementor-post__title\">\n\t\t\t<a href=\"https:\/\/lefoyerxl.be\/nl\/bruxelles-capitale\/belgische-instellingen\/\" >\n\t\t\t\tBelgische instellingen\t\t\t<\/a>\n\t\t<\/h3>\n\t\t\t\t<\/div>\n\t\t\t\t<\/article>\n\t\t\t\t<article class=\"elementor-post elementor-grid-item post-2084 bruxelles-capitale type-bruxelles-capitale status-publish hentry entry\" role=\"listitem\">\n\t\t\t\t<div class=\"elementor-post__text\">\n\t\t\t\t<h3 class=\"elementor-post__title\">\n\t\t\t<a href=\"https:\/\/lefoyerxl.be\/nl\/bruxelles-capitale\/de-europese-instellingen-in-brussel\/\" >\n\t\t\t\tDe Europese instellingen in Brussel\t\t\t<\/a>\n\t\t<\/h3>\n\t\t\t\t<\/div>\n\t\t\t\t<\/article>\n\t\t\t\t<article class=\"elementor-post elementor-grid-item post-2070 bruxelles-capitale type-bruxelles-capitale status-publish hentry entry\" role=\"listitem\">\n\t\t\t\t<div class=\"elementor-post__text\">\n\t\t\t\t<h3 class=\"elementor-post__title\">\n\t\t\t<a href=\"https:\/\/lefoyerxl.be\/nl\/bruxelles-capitale\/de-internationale-instellingen-in-brussel\/\" >\n\t\t\t\tInternationale instellingen in Brussel\t\t\t<\/a>\n\t\t<\/h3>\n\t\t\t\t<\/div>\n\t\t\t\t<\/article>\n\t\t\t\t<article class=\"elementor-post elementor-grid-item post-2042 bruxelles-capitale type-bruxelles-capitale status-publish hentry entry\" role=\"listitem\">\n\t\t\t\t<div class=\"elementor-post__text\">\n\t\t\t\t<h3 class=\"elementor-post__title\">\n\t\t\t<a href=\"https:\/\/lefoyerxl.be\/nl\/bruxelles-capitale\/brussel-19-gemeenten\/\" >\n\t\t\t\tBrussel, 19 gemeenten\t\t\t<\/a>\n\t\t<\/h3>\n\t\t\t\t<\/div>\n\t\t\t\t<\/article>\n\t\t\t\t<\/div>\n\t\t\n\t\t\t\t\t\t<\/div>\n\t\t\t\t<\/div>\n\t\t\t\t<div class=\"elementor-element elementor-element-2fff215 elementor-widget elementor-widget-text-editor\" data-id=\"2fff215\" data-element_type=\"widget\" data-e-type=\"widget\" data-widget_type=\"text-editor.default\">\n\t\t\t\t<div class=\"elementor-widget-container\">\n\t\t\t\t\t\t\t\t\t<p lang=\"fr-FR\" align=\"justify\">\u00a0<\/p><p lang=\"fr-FR\" align=\"justify\">\u00a0<\/p><p lang=\"fr-FR\" align=\"justify\">Als meervoudige hoofdstad (van de federale staat, de Franse Gemeenschap van Belgi\u00eb, de Vlaamse Gemeenschap en het Brussels Hoofdstedelijk Gewest) wordt Brussel ook wel de politieke en administratieve hoofdstad van de Europese Unie genoemd. Het Brussels Hoofdstedelijk Gewest, dat overwegend Franstalig is maar administratief tweetalig (Frans-Nederlands), omvat 19 gemeenten, waaronder de stad Brussel, en telt ongeveer 1 miljoen inwoners. Het is omgeven door een gordel van Nederlandstalige gemeenten waar Vlaams ook de offici\u00eble taal is voor alle administratieve procedures. Zes van deze gemeenten, de zogenaamde \"gemakkelijke\" gemeenten, hebben een bijzondere taalstatus.<\/p>\t\t\t\t\t\t\t\t<\/div>\n\t\t\t\t<\/div>\n\t\t\t\t\t<\/div>\n\t\t<\/div>\n\t\t\t\t\t<\/div>\n\t\t<\/section>\n\t\t\t\t<section class=\"elementor-section elementor-top-section elementor-element elementor-element-6031b8a elementor-section-boxed elementor-section-height-default elementor-section-height-default\" data-id=\"6031b8a\" data-element_type=\"section\" data-e-type=\"section\">\n\t\t\t\t\t\t<div class=\"elementor-container elementor-column-gap-default\">\n\t\t\t\t\t<div class=\"elementor-column elementor-col-100 elementor-top-column elementor-element elementor-element-a9b52ab\" data-id=\"a9b52ab\" data-element_type=\"column\" data-e-type=\"column\">\n\t\t\t<div class=\"elementor-widget-wrap elementor-element-populated\">\n\t\t\t\t\t\t<div class=\"elementor-element elementor-element-17fc29b elementor-widget elementor-widget-video\" data-id=\"17fc29b\" data-element_type=\"widget\" data-e-type=\"widget\" data-settings=\"{&quot;youtube_url&quot;:&quot;https:\\\/\\\/youtu.be\\\/GuIw3k2nB04&quot;,&quot;video_type&quot;:&quot;youtube&quot;,&quot;controls&quot;:&quot;yes&quot;}\" data-widget_type=\"video.default\">\n\t\t\t\t<div class=\"elementor-widget-container\">\n\t\t\t\t\t\t\t<div class=\"elementor-wrapper elementor-open-inline\">\n\t\t\t<div class=\"elementor-video\"><\/div>\t\t<\/div>\n\t\t\t\t\t\t<\/div>\n\t\t\t\t<\/div>\n\t\t\t\t\t<\/div>\n\t\t<\/div>\n\t\t\t\t\t<\/div>\n\t\t<\/section>\n\t\t\t\t<\/div>","protected":false},"excerpt":{"rendered":"<p>Meervoudige hoofdstad (van de federale staat, de Franstalige Gemeenschap van<\/p>","protected":false},"author":1,"featured_media":0,"parent":0,"menu_order":0,"comment_status":"closed","ping_status":"closed","template":"","meta":{"_acf_changed":false,"footnotes":""},"class_list":["post-966","page","type-page","status-publish","hentry","entry"],"acf":[],"yoast_head":"<!-- This site is optimized with the Yoast SEO plugin v27.3 - https:\/\/yoast.com\/product\/yoast-seo-wordpress\/ -->\n<title>Bruxelles Capitale - Centre de sant\u00e9 le foyer<\/title>\n<meta name=\"description\" content=\"Nouveau arrivant \u00e0 Bruxelles ? Le Centre de Sant\u00e9 le Foyer vous offre un tour guid\u00e9 de la capitale !\" \/>\n<meta name=\"robots\" content=\"index, follow, max-snippet:-1, max-image-preview:large, max-video-preview:-1\" \/>\n<link rel=\"canonical\" href=\"https:\/\/lefoyerxl.be\/nl\/artikelen-brussel-hoofdstad\/\" \/>\n<meta property=\"og:locale\" content=\"nl_BE\" \/>\n<meta property=\"og:type\" content=\"article\" \/>\n<meta property=\"og:title\" content=\"Bruxelles Capitale - Centre de sant\u00e9 le foyer\" \/>\n<meta property=\"og:description\" content=\"Nouveau arrivant \u00e0 Bruxelles ? Le Centre de Sant\u00e9 le Foyer vous offre un tour guid\u00e9 de la capitale !\" \/>\n<meta property=\"og:url\" content=\"https:\/\/lefoyerxl.be\/nl\/artikelen-brussel-hoofdstad\/\" \/>\n<meta property=\"og:site_name\" content=\"Centre de sant\u00e9 le foyer\" \/>\n<meta property=\"article:modified_time\" content=\"2022-08-04T14:52:07+00:00\" \/>\n<meta name=\"twitter:card\" content=\"summary_large_image\" \/>\n<meta name=\"twitter:label1\" content=\"Geschatte leestijd\" \/>\n\t<meta name=\"twitter:data1\" content=\"1 minuut\" \/>\n<script type=\"application\/ld+json\" class=\"yoast-schema-graph\">{\"@context\":\"https:\\\/\\\/schema.org\",\"@graph\":[{\"@type\":\"WebPage\",\"@id\":\"https:\\\/\\\/lefoyerxl.be\\\/articles-bruxelles-capitale\\\/\",\"url\":\"https:\\\/\\\/lefoyerxl.be\\\/articles-bruxelles-capitale\\\/\",\"name\":\"Bruxelles Capitale - Centre de sant\u00e9 le foyer\",\"isPartOf\":{\"@id\":\"https:\\\/\\\/lefoyerxl.be\\\/#website\"},\"datePublished\":\"2022-06-01T15:09:35+00:00\",\"dateModified\":\"2022-08-04T14:52:07+00:00\",\"description\":\"Nouveau arrivant \u00e0 Bruxelles ? Le Centre de Sant\u00e9 le Foyer vous offre un tour guid\u00e9 de la capitale !\",\"breadcrumb\":{\"@id\":\"https:\\\/\\\/lefoyerxl.be\\\/articles-bruxelles-capitale\\\/#breadcrumb\"},\"inLanguage\":\"nl-BE\",\"potentialAction\":[{\"@type\":\"ReadAction\",\"target\":[\"https:\\\/\\\/lefoyerxl.be\\\/articles-bruxelles-capitale\\\/\"]}]},{\"@type\":\"BreadcrumbList\",\"@id\":\"https:\\\/\\\/lefoyerxl.be\\\/articles-bruxelles-capitale\\\/#breadcrumb\",\"itemListElement\":[{\"@type\":\"ListItem\",\"position\":1,\"name\":\"Accueil\",\"item\":\"https:\\\/\\\/lefoyerxl.be\\\/\"},{\"@type\":\"ListItem\",\"position\":2,\"name\":\"Bruxelles Capitale\"}]},{\"@type\":\"WebSite\",\"@id\":\"https:\\\/\\\/lefoyerxl.be\\\/#website\",\"url\":\"https:\\\/\\\/lefoyerxl.be\\\/\",\"name\":\"Centre de sant\u00e9 le foyer\",\"description\":\"\",\"publisher\":{\"@id\":\"https:\\\/\\\/lefoyerxl.be\\\/#organization\"},\"potentialAction\":[{\"@type\":\"SearchAction\",\"target\":{\"@type\":\"EntryPoint\",\"urlTemplate\":\"https:\\\/\\\/lefoyerxl.be\\\/?s={search_term_string}\"},\"query-input\":{\"@type\":\"PropertyValueSpecification\",\"valueRequired\":true,\"valueName\":\"search_term_string\"}}],\"inLanguage\":\"nl-BE\"},{\"@type\":\"Organization\",\"@id\":\"https:\\\/\\\/lefoyerxl.be\\\/#organization\",\"name\":\"Centre de sant\u00e9 le foyer\",\"url\":\"https:\\\/\\\/lefoyerxl.be\\\/\",\"logo\":{\"@type\":\"ImageObject\",\"inLanguage\":\"nl-BE\",\"@id\":\"https:\\\/\\\/lefoyerxl.be\\\/#\\\/schema\\\/logo\\\/image\\\/\",\"url\":\"https:\\\/\\\/lefoyerxl.be\\\/wp-content\\\/uploads\\\/2022\\\/05\\\/Logo_Centre_de_sante_Le_Foyer_72dpi.png\",\"contentUrl\":\"https:\\\/\\\/lefoyerxl.be\\\/wp-content\\\/uploads\\\/2022\\\/05\\\/Logo_Centre_de_sante_Le_Foyer_72dpi.png\",\"width\":800,\"height\":620,\"caption\":\"Centre de sant\u00e9 le foyer\"},\"image\":{\"@id\":\"https:\\\/\\\/lefoyerxl.be\\\/#\\\/schema\\\/logo\\\/image\\\/\"}}]}<\/script>\n<!-- \/ Yoast SEO plugin. -->","yoast_head_json":{"title":"Brussel Hoofdstad - Gezondheidscentrum le foyer","description":"Nieuw in Brussel? Het Centre de Sant\u00e9 le Foyer biedt u een rondleiding door de hoofdstad!","robots":{"index":"index","follow":"follow","max-snippet":"max-snippet:-1","max-image-preview":"max-image-preview:large","max-video-preview":"max-video-preview:-1"},"canonical":"https:\/\/lefoyerxl.be\/nl\/artikelen-brussel-hoofdstad\/","og_locale":"nl_BE","og_type":"article","og_title":"Bruxelles Capitale - Centre de sant\u00e9 le foyer","og_description":"Nouveau arrivant \u00e0 Bruxelles ? Le Centre de Sant\u00e9 le Foyer vous offre un tour guid\u00e9 de la capitale !","og_url":"https:\/\/lefoyerxl.be\/nl\/artikelen-brussel-hoofdstad\/","og_site_name":"Centre de sant\u00e9 le foyer","article_modified_time":"2022-08-04T14:52:07+00:00","twitter_card":"summary_large_image","twitter_misc":{"Geschatte leestijd":"1 minuut"},"schema":{"@context":"https:\/\/schema.org","@graph":[{"@type":"WebPage","@id":"https:\/\/lefoyerxl.be\/articles-bruxelles-capitale\/","url":"https:\/\/lefoyerxl.be\/articles-bruxelles-capitale\/","name":"Brussel Hoofdstad - Gezondheidscentrum le foyer","isPartOf":{"@id":"https:\/\/lefoyerxl.be\/#website"},"datePublished":"2022-06-01T15:09:35+00:00","dateModified":"2022-08-04T14:52:07+00:00","description":"Nieuw in Brussel? Het Centre de Sant\u00e9 le Foyer biedt u een rondleiding door de hoofdstad!","breadcrumb":{"@id":"https:\/\/lefoyerxl.be\/articles-bruxelles-capitale\/#breadcrumb"},"inLanguage":"nl-BE","potentialAction":[{"@type":"ReadAction","target":["https:\/\/lefoyerxl.be\/articles-bruxelles-capitale\/"]}]},{"@type":"BreadcrumbList","@id":"https:\/\/lefoyerxl.be\/articles-bruxelles-capitale\/#breadcrumb","itemListElement":[{"@type":"ListItem","position":1,"name":"Accueil","item":"https:\/\/lefoyerxl.be\/"},{"@type":"ListItem","position":2,"name":"Bruxelles Capitale"}]},{"@type":"WebSite","@id":"https:\/\/lefoyerxl.be\/#website","url":"https:\/\/lefoyerxl.be\/","name":"Gezondheidscentrum le foyer","description":"","publisher":{"@id":"https:\/\/lefoyerxl.be\/#organization"},"potentialAction":[{"@type":"SearchAction","target":{"@type":"EntryPoint","urlTemplate":"https:\/\/lefoyerxl.be\/?s={search_term_string}"},"query-input":{"@type":"PropertyValueSpecification","valueRequired":true,"valueName":"search_term_string"}}],"inLanguage":"nl-BE"},{"@type":"Organization","@id":"https:\/\/lefoyerxl.be\/#organization","name":"Gezondheidscentrum le foyer","url":"https:\/\/lefoyerxl.be\/","logo":{"@type":"ImageObject","inLanguage":"nl-BE","@id":"https:\/\/lefoyerxl.be\/#\/schema\/logo\/image\/","url":"https:\/\/lefoyerxl.be\/wp-content\/uploads\/2022\/05\/Logo_Centre_de_sante_Le_Foyer_72dpi.png","contentUrl":"https:\/\/lefoyerxl.be\/wp-content\/uploads\/2022\/05\/Logo_Centre_de_sante_Le_Foyer_72dpi.png","width":800,"height":620,"caption":"Centre de sant\u00e9 le foyer"},"image":{"@id":"https:\/\/lefoyerxl.be\/#\/schema\/logo\/image\/"}}]}},"_links":{"self":[{"href":"https:\/\/lefoyerxl.be\/nl\/wp-json\/wp\/v2\/pages\/966","targetHints":{"allow":["GET"]}}],"collection":[{"href":"https:\/\/lefoyerxl.be\/nl\/wp-json\/wp\/v2\/pages"}],"about":[{"href":"https:\/\/lefoyerxl.be\/nl\/wp-json\/wp\/v2\/types\/page"}],"author":[{"embeddable":true,"href":"https:\/\/lefoyerxl.be\/nl\/wp-json\/wp\/v2\/users\/1"}],"replies":[{"embeddable":true,"href":"https:\/\/lefoyerxl.be\/nl\/wp-json\/wp\/v2\/comments?post=966"}],"version-history":[{"count":26,"href":"https:\/\/lefoyerxl.be\/nl\/wp-json\/wp\/v2\/pages\/966\/revisions"}],"predecessor-version":[{"id":3253,"href":"https:\/\/lefoyerxl.be\/nl\/wp-json\/wp\/v2\/pages\/966\/revisions\/3253"}],"wp:attachment":[{"href":"https:\/\/lefoyerxl.be\/nl\/wp-json\/wp\/v2\/media?parent=966"}],"curies":[{"name":"wp","href":"https:\/\/api.w.org\/{rel}","templated":true}]}}