{"id":496,"date":"2022-05-24T19:20:04","date_gmt":"2022-05-24T17:20:04","guid":{"rendered":"https:\/\/lefoyerxl.be\/?page_id=496"},"modified":"2022-08-04T17:06:58","modified_gmt":"2022-08-04T15:06:58","slug":"infos-pratiques","status":"publish","type":"page","link":"https:\/\/lefoyerxl.be\/nl\/praktische-informatie\/","title":{"rendered":"Praktische informatie"},"content":{"rendered":"<div data-elementor-type=\"wp-page\" data-elementor-id=\"496\" class=\"elementor elementor-496\" data-elementor-post-type=\"page\">\n\t\t\t\t\t\t<section class=\"elementor-section elementor-top-section elementor-element elementor-element-43f9b5e elementor-section-boxed elementor-section-height-default elementor-section-height-default\" data-id=\"43f9b5e\" data-element_type=\"section\" data-e-type=\"section\">\n\t\t\t\t\t\t<div class=\"elementor-container elementor-column-gap-default\">\n\t\t\t\t\t<div class=\"elementor-column elementor-col-50 elementor-top-column elementor-element elementor-element-5e341b3\" data-id=\"5e341b3\" data-element_type=\"column\" data-e-type=\"column\">\n\t\t\t<div class=\"elementor-widget-wrap elementor-element-populated\">\n\t\t\t\t\t\t<div class=\"elementor-element elementor-element-1cb1abd elementor-widget elementor-widget-text-editor\" data-id=\"1cb1abd\" data-element_type=\"widget\" data-e-type=\"widget\" data-widget_type=\"text-editor.default\">\n\t\t\t\t<div class=\"elementor-widget-container\">\n\t\t\t\t\t\t\t\t\t<h2><span style=\"text-decoration: underline;\"><strong>Dienstregeling<\/strong><\/span><\/h2><p>Maandag - Zaterdag<br \/>8:00 - 20:00<\/p><p>Op afspraak<\/p><h2><span style=\"text-decoration: underline;\"><strong>Toegang<\/strong><\/span><\/h2><p>Avenue de la Couronne 378<br \/>1050 Brussel<\/p><p>\u00a0<\/p>\t\t\t\t\t\t\t\t<\/div>\n\t\t\t\t<\/div>\n\t\t\t\t<div class=\"elementor-element elementor-element-4415f71 elementor-widget elementor-widget-text-editor\" data-id=\"4415f71\" data-element_type=\"widget\" data-e-type=\"widget\" data-widget_type=\"text-editor.default\">\n\t\t\t\t<div class=\"elementor-widget-container\">\n\t\t\t\t\t\t\t\t\t<h2><strong><span style=\"text-decoration: underline;\">Vervoer<\/span> <\/strong><\/h2><div>- STIB : 95, 71, NR. 8, NR. 9<\/div><div>- TEC: E11<\/div><div>- De Lijn: 341, 343, 348, 349<\/div><div>- Trams: 7, 25, 81<\/div><div>- Treinen : NMBS station Etterbeek<\/div><div>- Metro: Lijn 5 (Delta, P\u00e9tillon)<\/div><p>\u00a0<\/p>\t\t\t\t\t\t\t\t<\/div>\n\t\t\t\t<\/div>\n\t\t\t\t\t<\/div>\n\t\t<\/div>\n\t\t\t\t<div class=\"elementor-column elementor-col-50 elementor-top-column elementor-element elementor-element-2d676dc\" data-id=\"2d676dc\" data-element_type=\"column\" data-e-type=\"column\">\n\t\t\t<div class=\"elementor-widget-wrap elementor-element-populated\">\n\t\t\t\t\t\t<div class=\"elementor-element elementor-element-70adf97 elementor-widget elementor-widget-google_maps\" data-id=\"70adf97\" data-element_type=\"widget\" data-e-type=\"widget\" data-widget_type=\"google_maps.default\">\n\t\t\t\t<div class=\"elementor-widget-container\">\n\t\t\t\t\t\t\t<div class=\"elementor-custom-embed\">\n\t\t\t<iframe loading=\"lazy\"\n\t\t\t\t\tsrc=\"https:\/\/maps.google.com\/maps?q=Avenue%20de%20la%20couronne%20378%201050%20Bruxelles&#038;t=m&#038;z=13&#038;output=embed&#038;iwloc=near\"\n\t\t\t\t\ttitle=\"Kroonlaan 378 1050 Brussel\"\n\t\t\t\t\taria-label=\"Kroonlaan 378 1050 Brussel\"\n\t\t\t><\/iframe>\n\t\t<\/div>\n\t\t\t\t\t\t<\/div>\n\t\t\t\t<\/div>\n\t\t\t\t\t<\/div>\n\t\t<\/div>\n\t\t\t\t\t<\/div>\n\t\t<\/section>\n\t\t\t\t<\/div>","protected":false},"excerpt":{"rendered":"<p>Openingstijden Maandag t\/m zaterdag 8:00 - 20:00 Op afspraak Toegang... <a class=\"more-link\" href=\"https:\/\/lefoyerxl.be\/nl\/praktische-informatie\/\">Verder lezen over <span class=\"screen-reader-text\">Praktische informatie<\/span><\/a><\/p>","protected":false},"author":1,"featured_media":0,"parent":0,"menu_order":0,"comment_status":"closed","ping_status":"closed","template":"","meta":{"_acf_changed":false,"footnotes":""},"class_list":["post-496","page","type-page","status-publish","hentry","entry"],"acf":[],"yoast_head":"<!-- This site is optimized with the Yoast SEO plugin v27.3 - https:\/\/yoast.com\/product\/yoast-seo-wordpress\/ -->\n<title>Infos Pratiques - Centre de sant\u00e9 le foyer<\/title>\n<meta name=\"description\" content=\"Horaires, adresse, acc\u00e8s : toutes les informations n\u00e9cessaires \u00e0 votre visite au Centre de Sant\u00e9 le Foyer.\" \/>\n<meta name=\"robots\" content=\"index, follow, max-snippet:-1, max-image-preview:large, max-video-preview:-1\" \/>\n<link rel=\"canonical\" href=\"https:\/\/lefoyerxl.be\/nl\/praktische-informatie\/\" \/>\n<meta property=\"og:locale\" content=\"nl_BE\" \/>\n<meta property=\"og:type\" content=\"article\" \/>\n<meta property=\"og:title\" content=\"Infos Pratiques - Centre de sant\u00e9 le foyer\" \/>\n<meta property=\"og:description\" content=\"Horaires, adresse, acc\u00e8s : toutes les informations n\u00e9cessaires \u00e0 votre visite au Centre de Sant\u00e9 le Foyer.\" \/>\n<meta property=\"og:url\" content=\"https:\/\/lefoyerxl.be\/nl\/praktische-informatie\/\" \/>\n<meta property=\"og:site_name\" content=\"Centre de sant\u00e9 le foyer\" \/>\n<meta property=\"article:modified_time\" content=\"2022-08-04T15:06:58+00:00\" \/>\n<meta name=\"twitter:card\" content=\"summary_large_image\" \/>\n<meta name=\"twitter:label1\" content=\"Geschatte leestijd\" \/>\n\t<meta name=\"twitter:data1\" content=\"1 minuut\" \/>\n<script type=\"application\/ld+json\" class=\"yoast-schema-graph\">{\"@context\":\"https:\\\/\\\/schema.org\",\"@graph\":[{\"@type\":\"WebPage\",\"@id\":\"https:\\\/\\\/lefoyerxl.be\\\/infos-pratiques\\\/\",\"url\":\"https:\\\/\\\/lefoyerxl.be\\\/infos-pratiques\\\/\",\"name\":\"Infos Pratiques - Centre de sant\u00e9 le foyer\",\"isPartOf\":{\"@id\":\"https:\\\/\\\/lefoyerxl.be\\\/#website\"},\"datePublished\":\"2022-05-24T17:20:04+00:00\",\"dateModified\":\"2022-08-04T15:06:58+00:00\",\"description\":\"Horaires, adresse, acc\u00e8s : toutes les informations n\u00e9cessaires \u00e0 votre visite au Centre de Sant\u00e9 le Foyer.\",\"breadcrumb\":{\"@id\":\"https:\\\/\\\/lefoyerxl.be\\\/infos-pratiques\\\/#breadcrumb\"},\"inLanguage\":\"nl-BE\",\"potentialAction\":[{\"@type\":\"ReadAction\",\"target\":[\"https:\\\/\\\/lefoyerxl.be\\\/infos-pratiques\\\/\"]}]},{\"@type\":\"BreadcrumbList\",\"@id\":\"https:\\\/\\\/lefoyerxl.be\\\/infos-pratiques\\\/#breadcrumb\",\"itemListElement\":[{\"@type\":\"ListItem\",\"position\":1,\"name\":\"Accueil\",\"item\":\"https:\\\/\\\/lefoyerxl.be\\\/\"},{\"@type\":\"ListItem\",\"position\":2,\"name\":\"Infos Pratiques\"}]},{\"@type\":\"WebSite\",\"@id\":\"https:\\\/\\\/lefoyerxl.be\\\/#website\",\"url\":\"https:\\\/\\\/lefoyerxl.be\\\/\",\"name\":\"Centre de sant\u00e9 le foyer\",\"description\":\"\",\"publisher\":{\"@id\":\"https:\\\/\\\/lefoyerxl.be\\\/#organization\"},\"potentialAction\":[{\"@type\":\"SearchAction\",\"target\":{\"@type\":\"EntryPoint\",\"urlTemplate\":\"https:\\\/\\\/lefoyerxl.be\\\/?s={search_term_string}\"},\"query-input\":{\"@type\":\"PropertyValueSpecification\",\"valueRequired\":true,\"valueName\":\"search_term_string\"}}],\"inLanguage\":\"nl-BE\"},{\"@type\":\"Organization\",\"@id\":\"https:\\\/\\\/lefoyerxl.be\\\/#organization\",\"name\":\"Centre de sant\u00e9 le foyer\",\"url\":\"https:\\\/\\\/lefoyerxl.be\\\/\",\"logo\":{\"@type\":\"ImageObject\",\"inLanguage\":\"nl-BE\",\"@id\":\"https:\\\/\\\/lefoyerxl.be\\\/#\\\/schema\\\/logo\\\/image\\\/\",\"url\":\"https:\\\/\\\/lefoyerxl.be\\\/wp-content\\\/uploads\\\/2022\\\/05\\\/Logo_Centre_de_sante_Le_Foyer_72dpi.png\",\"contentUrl\":\"https:\\\/\\\/lefoyerxl.be\\\/wp-content\\\/uploads\\\/2022\\\/05\\\/Logo_Centre_de_sante_Le_Foyer_72dpi.png\",\"width\":800,\"height\":620,\"caption\":\"Centre de sant\u00e9 le foyer\"},\"image\":{\"@id\":\"https:\\\/\\\/lefoyerxl.be\\\/#\\\/schema\\\/logo\\\/image\\\/\"}}]}<\/script>\n<!-- \/ Yoast SEO plugin. -->","yoast_head_json":{"title":"Praktische informatie - Gezondheidscentrum le foyer","description":"Openingstijden, adres, toegang: alle informatie die u nodig heeft voor uw bezoek aan het Centre de Sant\u00e9 le Foyer.","robots":{"index":"index","follow":"follow","max-snippet":"max-snippet:-1","max-image-preview":"max-image-preview:large","max-video-preview":"max-video-preview:-1"},"canonical":"https:\/\/lefoyerxl.be\/nl\/praktische-informatie\/","og_locale":"nl_BE","og_type":"article","og_title":"Infos Pratiques - Centre de sant\u00e9 le foyer","og_description":"Horaires, adresse, acc\u00e8s : toutes les informations n\u00e9cessaires \u00e0 votre visite au Centre de Sant\u00e9 le Foyer.","og_url":"https:\/\/lefoyerxl.be\/nl\/praktische-informatie\/","og_site_name":"Centre de sant\u00e9 le foyer","article_modified_time":"2022-08-04T15:06:58+00:00","twitter_card":"summary_large_image","twitter_misc":{"Geschatte leestijd":"1 minuut"},"schema":{"@context":"https:\/\/schema.org","@graph":[{"@type":"WebPage","@id":"https:\/\/lefoyerxl.be\/infos-pratiques\/","url":"https:\/\/lefoyerxl.be\/infos-pratiques\/","name":"Praktische informatie - Gezondheidscentrum le foyer","isPartOf":{"@id":"https:\/\/lefoyerxl.be\/#website"},"datePublished":"2022-05-24T17:20:04+00:00","dateModified":"2022-08-04T15:06:58+00:00","description":"Openingstijden, adres, toegang: alle informatie die u nodig heeft voor uw bezoek aan het Centre de Sant\u00e9 le Foyer.","breadcrumb":{"@id":"https:\/\/lefoyerxl.be\/infos-pratiques\/#breadcrumb"},"inLanguage":"nl-BE","potentialAction":[{"@type":"ReadAction","target":["https:\/\/lefoyerxl.be\/infos-pratiques\/"]}]},{"@type":"BreadcrumbList","@id":"https:\/\/lefoyerxl.be\/infos-pratiques\/#breadcrumb","itemListElement":[{"@type":"ListItem","position":1,"name":"Accueil","item":"https:\/\/lefoyerxl.be\/"},{"@type":"ListItem","position":2,"name":"Infos Pratiques"}]},{"@type":"WebSite","@id":"https:\/\/lefoyerxl.be\/#website","url":"https:\/\/lefoyerxl.be\/","name":"Gezondheidscentrum le foyer","description":"","publisher":{"@id":"https:\/\/lefoyerxl.be\/#organization"},"potentialAction":[{"@type":"SearchAction","target":{"@type":"EntryPoint","urlTemplate":"https:\/\/lefoyerxl.be\/?s={search_term_string}"},"query-input":{"@type":"PropertyValueSpecification","valueRequired":true,"valueName":"search_term_string"}}],"inLanguage":"nl-BE"},{"@type":"Organization","@id":"https:\/\/lefoyerxl.be\/#organization","name":"Gezondheidscentrum le foyer","url":"https:\/\/lefoyerxl.be\/","logo":{"@type":"ImageObject","inLanguage":"nl-BE","@id":"https:\/\/lefoyerxl.be\/#\/schema\/logo\/image\/","url":"https:\/\/lefoyerxl.be\/wp-content\/uploads\/2022\/05\/Logo_Centre_de_sante_Le_Foyer_72dpi.png","contentUrl":"https:\/\/lefoyerxl.be\/wp-content\/uploads\/2022\/05\/Logo_Centre_de_sante_Le_Foyer_72dpi.png","width":800,"height":620,"caption":"Centre de sant\u00e9 le foyer"},"image":{"@id":"https:\/\/lefoyerxl.be\/#\/schema\/logo\/image\/"}}]}},"_links":{"self":[{"href":"https:\/\/lefoyerxl.be\/nl\/wp-json\/wp\/v2\/pages\/496","targetHints":{"allow":["GET"]}}],"collection":[{"href":"https:\/\/lefoyerxl.be\/nl\/wp-json\/wp\/v2\/pages"}],"about":[{"href":"https:\/\/lefoyerxl.be\/nl\/wp-json\/wp\/v2\/types\/page"}],"author":[{"embeddable":true,"href":"https:\/\/lefoyerxl.be\/nl\/wp-json\/wp\/v2\/users\/1"}],"replies":[{"embeddable":true,"href":"https:\/\/lefoyerxl.be\/nl\/wp-json\/wp\/v2\/comments?post=496"}],"version-history":[{"count":35,"href":"https:\/\/lefoyerxl.be\/nl\/wp-json\/wp\/v2\/pages\/496\/revisions"}],"predecessor-version":[{"id":3255,"href":"https:\/\/lefoyerxl.be\/nl\/wp-json\/wp\/v2\/pages\/496\/revisions\/3255"}],"wp:attachment":[{"href":"https:\/\/lefoyerxl.be\/nl\/wp-json\/wp\/v2\/media?parent=496"}],"curies":[{"name":"wp","href":"https:\/\/api.w.org\/{rel}","templated":true}]}}