{"id":475,"date":"2022-05-24T18:55:35","date_gmt":"2022-05-24T16:55:35","guid":{"rendered":"https:\/\/lefoyerxl.be\/?page_id=475"},"modified":"2022-08-04T16:49:19","modified_gmt":"2022-08-04T14:49:19","slug":"bruxelles","status":"publish","type":"page","link":"https:\/\/lefoyerxl.be\/nl\/brussel\/","title":{"rendered":"Brussel"},"content":{"rendered":"<div data-elementor-type=\"wp-page\" data-elementor-id=\"475\" class=\"elementor elementor-475\" data-elementor-post-type=\"page\">\n\t\t\t\t\t\t<section class=\"elementor-section elementor-top-section elementor-element elementor-element-b8d7db6 elementor-section-boxed elementor-section-height-default elementor-section-height-default\" data-id=\"b8d7db6\" data-element_type=\"section\" data-e-type=\"section\">\n\t\t\t\t\t\t<div class=\"elementor-container elementor-column-gap-default\">\n\t\t\t\t\t<div class=\"elementor-column elementor-col-100 elementor-top-column elementor-element elementor-element-64f2fe2\" data-id=\"64f2fe2\" data-element_type=\"column\" data-e-type=\"column\">\n\t\t\t<div class=\"elementor-widget-wrap elementor-element-populated\">\n\t\t\t\t\t\t<div class=\"elementor-element elementor-element-0570d6b elementor-widget elementor-widget-sitemap\" data-id=\"0570d6b\" data-element_type=\"widget\" data-e-type=\"widget\" data-widget_type=\"sitemap.default\">\n\t\t\t\t<div class=\"elementor-widget-container\">\n\t\t\t\t\t<div class=\"elementor-sitemap-wrap\"><div class=\"elementor-sitemap-section\"><h2 class=\"elementor-sitemap-title elementor-sitemap-categories_bruxelles-title\">Categorie\u00ebn<\/h2><ul class=\"elementor-sitemap-list elementor-sitemap-categories_bruxelles-list\">\t<li class=\"elementor-sitemap-item elementor-sitemap-item-categories_bruxelles cat-item cat-item-134\"><a href=\"https:\/\/lefoyerxl.be\/nl\/categories_bruxelles\/leven-samenleving-uitjes\/\">Sociaal leven en uitstapjes<\/a>\n<\/li>\n\t<li class=\"elementor-sitemap-item elementor-sitemap-item-categories_bruxelles cat-item cat-item-130\"><a href=\"https:\/\/lefoyerxl.be\/nl\/categories_bruxelles\/life-daily\/\">Dagelijks leven<\/a>\n<\/li>\n\t<li class=\"elementor-sitemap-item elementor-sitemap-item-categories_bruxelles cat-item cat-item-129\"><a href=\"https:\/\/lefoyerxl.be\/nl\/categories_bruxelles\/arbeid-financien\/\">Werk en financi\u00ebn<\/a>\n<\/li>\n\t<li class=\"elementor-sitemap-item elementor-sitemap-item-categories_bruxelles cat-item cat-item-135\"><a href=\"https:\/\/lefoyerxl.be\/nl\/categories_bruxelles\/sport-well-being-green-leisure\/\">Sport, Wellness &amp; Groene Vrijetijdsbesteding<\/a>\n<\/li>\n\t<li class=\"elementor-sitemap-item elementor-sitemap-item-categories_bruxelles cat-item cat-item-131\"><a href=\"https:\/\/lefoyerxl.be\/nl\/categories_bruxelles\/winkelen\/\">Winkelen<\/a>\n<\/li>\n\t<li class=\"elementor-sitemap-item elementor-sitemap-item-categories_bruxelles cat-item cat-item-128\"><a href=\"https:\/\/lefoyerxl.be\/nl\/categories_bruxelles\/sociale-zekerheid-en-gezondheid\/\">Sociale zekerheid en gezondheid<\/a>\n<\/li>\n\t<li class=\"elementor-sitemap-item elementor-sitemap-item-categories_bruxelles cat-item cat-item-35\"><a href=\"https:\/\/lefoyerxl.be\/nl\/categories_bruxelles\/integratie-brussel\/\">S&#039;installeren en aansluiten<\/a>\n<\/li>\n\t<li class=\"elementor-sitemap-item elementor-sitemap-item-categories_bruxelles cat-item cat-item-136\"><a href=\"https:\/\/lefoyerxl.be\/nl\/categories_bruxelles\/plan-metro\/\">Kaart van de metro<\/a>\n<\/li>\n\t<li class=\"elementor-sitemap-item elementor-sitemap-item-categories_bruxelles cat-item cat-item-138\"><a href=\"https:\/\/lefoyerxl.be\/nl\/categories_bruxelles\/verblijfsformaliteiten\/\">Verblijfsformaliteiten<\/a>\n<\/li>\n\t<li class=\"elementor-sitemap-item elementor-sitemap-item-categories_bruxelles cat-item cat-item-133\"><a href=\"https:\/\/lefoyerxl.be\/nl\/categories_bruxelles\/onderwijs-taalschool\/\">Onderwijs en Taalschool<\/a>\n<\/li>\n\t<li class=\"elementor-sitemap-item elementor-sitemap-item-categories_bruxelles cat-item cat-item-132\"><a href=\"https:\/\/lefoyerxl.be\/nl\/categories_bruxelles\/brussel-met-kinderen\/\">Brussel met kinderen<\/a>\n<\/li>\n\t<li class=\"elementor-sitemap-item elementor-sitemap-item-categories_bruxelles cat-item cat-item-137\"><a href=\"https:\/\/lefoyerxl.be\/nl\/categories_bruxelles\/must-have-toepassingen\/\">Toepassingen en hoofdzaken<\/a>\n<\/li>\n\t<li class=\"elementor-sitemap-item elementor-sitemap-item-categories_bruxelles cat-item cat-item-36\"><a href=\"https:\/\/lefoyerxl.be\/nl\/categories_bruxelles\/administratie-verzekering\/\">Administratie en verzekering<\/a>\n<\/li>\n<\/ul><\/div><\/div>\t\t\t\t<\/div>\n\t\t\t\t<\/div>\n\t\t\t\t\t<\/div>\n\t\t<\/div>\n\t\t\t\t\t<\/div>\n\t\t<\/section>\n\t\t\t\t<section class=\"elementor-section elementor-top-section elementor-element elementor-element-987562a elementor-section-boxed elementor-section-height-default elementor-section-height-default\" data-id=\"987562a\" data-element_type=\"section\" data-e-type=\"section\">\n\t\t\t\t\t\t<div class=\"elementor-container elementor-column-gap-default\">\n\t\t\t\t\t<div class=\"elementor-column elementor-col-100 elementor-top-column elementor-element elementor-element-a45a589\" data-id=\"a45a589\" data-element_type=\"column\" data-e-type=\"column\">\n\t\t\t<div class=\"elementor-widget-wrap elementor-element-populated\">\n\t\t\t\t\t\t<div class=\"elementor-element elementor-element-9a9df38 elementor-widget elementor-widget-text-editor\" data-id=\"9a9df38\" data-element_type=\"widget\" data-e-type=\"widget\" data-widget_type=\"text-editor.default\">\n\t\t\t\t<div class=\"elementor-widget-container\">\n\t\t\t\t\t\t\t\t\t<p>Officieel worden in Brussel twee talen gesproken, het Frans (de meerderheid) en het Nederlands. Gelukkig zult u verbaasd zijn dat de Belgen heel goed Engels spreken, en als u over straat loopt, zult u alle talen van de wereld horen. Brussel is vooral een multiculturele stad. De hoofdkantoren van de grote internationale organisaties en alles wat daaromheen draait verrijken de stad met tientallen nationaliteiten. Je zult zeker vrienden vinden! En als klap op de vuurpijl blijft Brussel een hoofdstad op mensenmaat.<\/p><div>\u00a0<\/div><div>Het onderwijs heeft zich aangepast en in Brussel is een groot aantal internationale scholen gevestigd. Het hoger onderwijs in het Engels blijft niet achter.<\/div><p>\u00a0<\/p>\t\t\t\t\t\t\t\t<\/div>\n\t\t\t\t<\/div>\n\t\t\t\t\t<\/div>\n\t\t<\/div>\n\t\t\t\t\t<\/div>\n\t\t<\/section>\n\t\t\t\t<section class=\"elementor-section elementor-top-section elementor-element elementor-element-3c5c935f elementor-section-full_width elementor-section-height-default elementor-section-height-default\" data-id=\"3c5c935f\" data-element_type=\"section\" data-e-type=\"section\">\n\t\t\t\t\t\t<div class=\"elementor-container elementor-column-gap-default\">\n\t\t\t\t\t<div class=\"elementor-column elementor-col-100 elementor-top-column elementor-element elementor-element-453c0c7d\" data-id=\"453c0c7d\" data-element_type=\"column\" data-e-type=\"column\">\n\t\t\t<div class=\"elementor-widget-wrap elementor-element-populated\">\n\t\t\t\t\t\t<div class=\"elementor-element elementor-element-3067afff elementor-hidden-mobile elementor-arrows-position-inside elementor-pagination-position-outside elementor-widget elementor-widget-image-carousel\" data-id=\"3067afff\" data-element_type=\"widget\" data-e-type=\"widget\" data-settings=\"{&quot;slides_to_show&quot;:&quot;1&quot;,&quot;autoplay_speed&quot;:7000,&quot;navigation&quot;:&quot;both&quot;,&quot;autoplay&quot;:&quot;yes&quot;,&quot;pause_on_hover&quot;:&quot;yes&quot;,&quot;pause_on_interaction&quot;:&quot;yes&quot;,&quot;infinite&quot;:&quot;yes&quot;,&quot;effect&quot;:&quot;slide&quot;,&quot;speed&quot;:500}\" data-widget_type=\"image-carousel.default\">\n\t\t\t\t<div class=\"elementor-widget-container\">\n\t\t\t\t\t\t\t<div class=\"elementor-image-carousel-wrapper swiper\" role=\"region\" aria-roledescription=\"carousel\" aria-label=\"Carrousel afbeelding\" dir=\"ltr\">\n\t\t\t<div class=\"elementor-image-carousel swiper-wrapper swiper-image-stretch\" aria-live=\"off\">\n\t\t\t\t\t\t\t\t<div class=\"swiper-slide\" role=\"group\" aria-roledescription=\"slide\" aria-label=\"1 van 3\" data-no-translation-aria-label=\"\"><figure class=\"swiper-slide-inner\"><img decoding=\"async\" class=\"swiper-slide-image\" src=\"https:\/\/lefoyerxl.be\/wp-content\/uploads\/2022\/05\/1000-Bruxelles-capitale_6.jpg\" alt=\"1000-Bruxelles-capitale_6\" \/><\/figure><\/div><div class=\"swiper-slide\" role=\"group\" aria-roledescription=\"slide\" aria-label=\"2 van 3\" data-no-translation-aria-label=\"\"><figure class=\"swiper-slide-inner\"><img decoding=\"async\" class=\"swiper-slide-image\" src=\"https:\/\/lefoyerxl.be\/wp-content\/uploads\/2022\/05\/1000-Bruxelles-capitale_8.jpg\" alt=\"1000-Bruxelles-capitale_8\" \/><\/figure><\/div><div class=\"swiper-slide\" role=\"group\" aria-roledescription=\"slide\" aria-label=\"3 van 3\" data-no-translation-aria-label=\"\"><figure class=\"swiper-slide-inner\"><img decoding=\"async\" class=\"swiper-slide-image\" src=\"https:\/\/lefoyerxl.be\/wp-content\/uploads\/2022\/05\/1000-Bruxelles-capitale_18.jpg\" alt=\"1000-Bruxelles-capitale_18\" \/><\/figure><\/div>\t\t\t<\/div>\n\t\t\t\t\t\t\t\t\t\t\t\t<div class=\"elementor-swiper-button elementor-swiper-button-prev\" role=\"button\" tabindex=\"0\">\n\t\t\t\t\t\t<i aria-hidden=\"true\" class=\"eicon-chevron-left\"><\/i>\t\t\t\t\t<\/div>\n\t\t\t\t\t<div class=\"elementor-swiper-button elementor-swiper-button-next\" role=\"button\" tabindex=\"0\">\n\t\t\t\t\t\t<i aria-hidden=\"true\" class=\"eicon-chevron-right\"><\/i>\t\t\t\t\t<\/div>\n\t\t\t\t\n\t\t\t\t\t\t\t\t\t<div class=\"swiper-pagination\"><\/div>\n\t\t\t\t\t\t\t\t\t<\/div>\n\t\t\t\t\t\t<\/div>\n\t\t\t\t<\/div>\n\t\t\t\t<div class=\"elementor-element elementor-element-6f39bbb0 elementor-hidden-desktop elementor-hidden-tablet elementor-arrows-position-inside elementor-pagination-position-outside elementor-widget elementor-widget-image-carousel\" data-id=\"6f39bbb0\" data-element_type=\"widget\" data-e-type=\"widget\" data-settings=\"{&quot;slides_to_show&quot;:&quot;1&quot;,&quot;autoplay_speed&quot;:7000,&quot;navigation&quot;:&quot;both&quot;,&quot;autoplay&quot;:&quot;yes&quot;,&quot;pause_on_hover&quot;:&quot;yes&quot;,&quot;pause_on_interaction&quot;:&quot;yes&quot;,&quot;infinite&quot;:&quot;yes&quot;,&quot;effect&quot;:&quot;slide&quot;,&quot;speed&quot;:500}\" data-widget_type=\"image-carousel.default\">\n\t\t\t\t<div class=\"elementor-widget-container\">\n\t\t\t\t\t\t\t<div class=\"elementor-image-carousel-wrapper swiper\" role=\"region\" aria-roledescription=\"carousel\" aria-label=\"Carrousel afbeelding\" dir=\"ltr\">\n\t\t\t<div class=\"elementor-image-carousel swiper-wrapper swiper-image-stretch\" aria-live=\"off\">\n\t\t\t\t\t\t\t\t<div class=\"swiper-slide\" role=\"group\" aria-roledescription=\"slide\" aria-label=\"1 van 3\" data-no-translation-aria-label=\"\"><figure class=\"swiper-slide-inner\"><img decoding=\"async\" class=\"swiper-slide-image\" src=\"https:\/\/lefoyerxl.be\/wp-content\/uploads\/2022\/05\/1000-Bruxelles-capitale_mobile_6.jpg\" alt=\"1000-Brussels-capital_mobile_6\" \/><\/figure><\/div><div class=\"swiper-slide\" role=\"group\" aria-roledescription=\"slide\" aria-label=\"2 van 3\" data-no-translation-aria-label=\"\"><figure class=\"swiper-slide-inner\"><img decoding=\"async\" class=\"swiper-slide-image\" src=\"https:\/\/lefoyerxl.be\/wp-content\/uploads\/2022\/05\/1000-Bruxelles-capitale_mobile_8.jpg\" alt=\"1000-Brussels-capital_mobile_8\" \/><\/figure><\/div><div class=\"swiper-slide\" role=\"group\" aria-roledescription=\"slide\" aria-label=\"3 van 3\" data-no-translation-aria-label=\"\"><figure class=\"swiper-slide-inner\"><img decoding=\"async\" class=\"swiper-slide-image\" src=\"https:\/\/lefoyerxl.be\/wp-content\/uploads\/2022\/05\/1000-Bruxelles-capitale_mobile_18.jpg\" alt=\"1000-Bruxelles-capitale_mobile_18\" \/><\/figure><\/div>\t\t\t<\/div>\n\t\t\t\t\t\t\t\t\t\t\t\t<div class=\"elementor-swiper-button elementor-swiper-button-prev\" role=\"button\" tabindex=\"0\">\n\t\t\t\t\t\t<i aria-hidden=\"true\" class=\"eicon-chevron-left\"><\/i>\t\t\t\t\t<\/div>\n\t\t\t\t\t<div class=\"elementor-swiper-button elementor-swiper-button-next\" role=\"button\" tabindex=\"0\">\n\t\t\t\t\t\t<i aria-hidden=\"true\" class=\"eicon-chevron-right\"><\/i>\t\t\t\t\t<\/div>\n\t\t\t\t\n\t\t\t\t\t\t\t\t\t<div class=\"swiper-pagination\"><\/div>\n\t\t\t\t\t\t\t\t\t<\/div>\n\t\t\t\t\t\t<\/div>\n\t\t\t\t<\/div>\n\t\t\t\t\t<\/div>\n\t\t<\/div>\n\t\t\t\t\t<\/div>\n\t\t<\/section>\n\t\t\t\t<\/div>","protected":false},"excerpt":{"rendered":"<p>Officieel worden er twee talen gesproken in Brussel: Frans (de meerderheidstaal)... <a class=\"more-link\" href=\"https:\/\/lefoyerxl.be\/nl\/brussel\/\">Verder lezen over <span class=\"screen-reader-text\">Brussel<\/span><\/a><\/p>","protected":false},"author":1,"featured_media":0,"parent":0,"menu_order":0,"comment_status":"closed","ping_status":"closed","template":"","meta":{"_acf_changed":false,"footnotes":""},"class_list":["post-475","page","type-page","status-publish","hentry","entry"],"acf":[],"yoast_head":"<!-- This site is optimized with the Yoast SEO plugin v27.4 - https:\/\/yoast.com\/product\/yoast-seo-wordpress\/ -->\n<title>Bruxelles - Centre de sant\u00e9 le foyer<\/title>\n<meta name=\"description\" content=\"Nouveau arrivant \u00e0 Bruxelles ? Le Centre de Sant\u00e9 le Foyer vous offre un tour guid\u00e9 de la capitale !\" \/>\n<meta name=\"robots\" content=\"index, follow, max-snippet:-1, max-image-preview:large, max-video-preview:-1\" \/>\n<link rel=\"canonical\" href=\"https:\/\/lefoyerxl.be\/nl\/brussel\/\" \/>\n<meta property=\"og:locale\" content=\"nl_BE\" \/>\n<meta property=\"og:type\" content=\"article\" \/>\n<meta property=\"og:title\" content=\"Bruxelles - Centre de sant\u00e9 le foyer\" \/>\n<meta property=\"og:description\" content=\"Nouveau arrivant \u00e0 Bruxelles ? Le Centre de Sant\u00e9 le Foyer vous offre un tour guid\u00e9 de la capitale !\" \/>\n<meta property=\"og:url\" content=\"https:\/\/lefoyerxl.be\/nl\/brussel\/\" \/>\n<meta property=\"og:site_name\" content=\"Centre de sant\u00e9 le foyer\" \/>\n<meta property=\"article:modified_time\" content=\"2022-08-04T14:49:19+00:00\" \/>\n<meta property=\"og:image\" content=\"https:\/\/lefoyerxl.be\/wp-content\/uploads\/2022\/05\/1000-Bruxelles-capitale_6.jpg\" \/>\n<meta name=\"twitter:card\" content=\"summary_large_image\" \/>\n<meta name=\"twitter:label1\" content=\"Geschatte leestijd\" \/>\n\t<meta name=\"twitter:data1\" content=\"2 minuten\" \/>\n<script type=\"application\/ld+json\" class=\"yoast-schema-graph\">{\"@context\":\"https:\\\/\\\/schema.org\",\"@graph\":[{\"@type\":\"WebPage\",\"@id\":\"https:\\\/\\\/lefoyerxl.be\\\/bruxelles\\\/\",\"url\":\"https:\\\/\\\/lefoyerxl.be\\\/bruxelles\\\/\",\"name\":\"Bruxelles - Centre de sant\u00e9 le foyer\",\"isPartOf\":{\"@id\":\"https:\\\/\\\/lefoyerxl.be\\\/#website\"},\"primaryImageOfPage\":{\"@id\":\"https:\\\/\\\/lefoyerxl.be\\\/bruxelles\\\/#primaryimage\"},\"image\":{\"@id\":\"https:\\\/\\\/lefoyerxl.be\\\/bruxelles\\\/#primaryimage\"},\"thumbnailUrl\":\"https:\\\/\\\/lefoyerxl.be\\\/wp-content\\\/uploads\\\/2022\\\/05\\\/1000-Bruxelles-capitale_6.jpg\",\"datePublished\":\"2022-05-24T16:55:35+00:00\",\"dateModified\":\"2022-08-04T14:49:19+00:00\",\"description\":\"Nouveau arrivant \u00e0 Bruxelles ? Le Centre de Sant\u00e9 le Foyer vous offre un tour guid\u00e9 de la capitale !\",\"breadcrumb\":{\"@id\":\"https:\\\/\\\/lefoyerxl.be\\\/bruxelles\\\/#breadcrumb\"},\"inLanguage\":\"nl-BE\",\"potentialAction\":[{\"@type\":\"ReadAction\",\"target\":[\"https:\\\/\\\/lefoyerxl.be\\\/bruxelles\\\/\"]}]},{\"@type\":\"ImageObject\",\"inLanguage\":\"nl-BE\",\"@id\":\"https:\\\/\\\/lefoyerxl.be\\\/bruxelles\\\/#primaryimage\",\"url\":\"https:\\\/\\\/lefoyerxl.be\\\/wp-content\\\/uploads\\\/2022\\\/05\\\/1000-Bruxelles-capitale_6.jpg\",\"contentUrl\":\"https:\\\/\\\/lefoyerxl.be\\\/wp-content\\\/uploads\\\/2022\\\/05\\\/1000-Bruxelles-capitale_6.jpg\"},{\"@type\":\"BreadcrumbList\",\"@id\":\"https:\\\/\\\/lefoyerxl.be\\\/bruxelles\\\/#breadcrumb\",\"itemListElement\":[{\"@type\":\"ListItem\",\"position\":1,\"name\":\"Accueil\",\"item\":\"https:\\\/\\\/lefoyerxl.be\\\/\"},{\"@type\":\"ListItem\",\"position\":2,\"name\":\"Bruxelles\"}]},{\"@type\":\"WebSite\",\"@id\":\"https:\\\/\\\/lefoyerxl.be\\\/#website\",\"url\":\"https:\\\/\\\/lefoyerxl.be\\\/\",\"name\":\"Centre de sant\u00e9 le foyer\",\"description\":\"\",\"publisher\":{\"@id\":\"https:\\\/\\\/lefoyerxl.be\\\/#organization\"},\"potentialAction\":[{\"@type\":\"SearchAction\",\"target\":{\"@type\":\"EntryPoint\",\"urlTemplate\":\"https:\\\/\\\/lefoyerxl.be\\\/?s={search_term_string}\"},\"query-input\":{\"@type\":\"PropertyValueSpecification\",\"valueRequired\":true,\"valueName\":\"search_term_string\"}}],\"inLanguage\":\"nl-BE\"},{\"@type\":\"Organization\",\"@id\":\"https:\\\/\\\/lefoyerxl.be\\\/#organization\",\"name\":\"Centre de sant\u00e9 le foyer\",\"url\":\"https:\\\/\\\/lefoyerxl.be\\\/\",\"logo\":{\"@type\":\"ImageObject\",\"inLanguage\":\"nl-BE\",\"@id\":\"https:\\\/\\\/lefoyerxl.be\\\/#\\\/schema\\\/logo\\\/image\\\/\",\"url\":\"https:\\\/\\\/lefoyerxl.be\\\/wp-content\\\/uploads\\\/2022\\\/05\\\/Logo_Centre_de_sante_Le_Foyer_72dpi.png\",\"contentUrl\":\"https:\\\/\\\/lefoyerxl.be\\\/wp-content\\\/uploads\\\/2022\\\/05\\\/Logo_Centre_de_sante_Le_Foyer_72dpi.png\",\"width\":800,\"height\":620,\"caption\":\"Centre de sant\u00e9 le foyer\"},\"image\":{\"@id\":\"https:\\\/\\\/lefoyerxl.be\\\/#\\\/schema\\\/logo\\\/image\\\/\"}}]}<\/script>\n<!-- \/ Yoast SEO plugin. -->","yoast_head_json":{"title":"Brussel - Gezondheidscentrum de foyer","description":"Nieuw in Brussel? Het Centre de Sant\u00e9 le Foyer biedt u een rondleiding door de hoofdstad!","robots":{"index":"index","follow":"follow","max-snippet":"max-snippet:-1","max-image-preview":"max-image-preview:large","max-video-preview":"max-video-preview:-1"},"canonical":"https:\/\/lefoyerxl.be\/nl\/brussel\/","og_locale":"nl_BE","og_type":"article","og_title":"Bruxelles - Centre de sant\u00e9 le foyer","og_description":"Nouveau arrivant \u00e0 Bruxelles ? Le Centre de Sant\u00e9 le Foyer vous offre un tour guid\u00e9 de la capitale !","og_url":"https:\/\/lefoyerxl.be\/nl\/brussel\/","og_site_name":"Centre de sant\u00e9 le foyer","article_modified_time":"2022-08-04T14:49:19+00:00","og_image":[{"url":"https:\/\/lefoyerxl.be\/wp-content\/uploads\/2022\/05\/1000-Bruxelles-capitale_6.jpg","type":"","width":"","height":""}],"twitter_card":"summary_large_image","twitter_misc":{"Geschatte leestijd":"2 minuten"},"schema":{"@context":"https:\/\/schema.org","@graph":[{"@type":"WebPage","@id":"https:\/\/lefoyerxl.be\/bruxelles\/","url":"https:\/\/lefoyerxl.be\/bruxelles\/","name":"Brussel - Gezondheidscentrum de foyer","isPartOf":{"@id":"https:\/\/lefoyerxl.be\/#website"},"primaryImageOfPage":{"@id":"https:\/\/lefoyerxl.be\/bruxelles\/#primaryimage"},"image":{"@id":"https:\/\/lefoyerxl.be\/bruxelles\/#primaryimage"},"thumbnailUrl":"https:\/\/lefoyerxl.be\/wp-content\/uploads\/2022\/05\/1000-Bruxelles-capitale_6.jpg","datePublished":"2022-05-24T16:55:35+00:00","dateModified":"2022-08-04T14:49:19+00:00","description":"Nieuw in Brussel? Het Centre de Sant\u00e9 le Foyer biedt u een rondleiding door de hoofdstad!","breadcrumb":{"@id":"https:\/\/lefoyerxl.be\/bruxelles\/#breadcrumb"},"inLanguage":"nl-BE","potentialAction":[{"@type":"ReadAction","target":["https:\/\/lefoyerxl.be\/bruxelles\/"]}]},{"@type":"ImageObject","inLanguage":"nl-BE","@id":"https:\/\/lefoyerxl.be\/bruxelles\/#primaryimage","url":"https:\/\/lefoyerxl.be\/wp-content\/uploads\/2022\/05\/1000-Bruxelles-capitale_6.jpg","contentUrl":"https:\/\/lefoyerxl.be\/wp-content\/uploads\/2022\/05\/1000-Bruxelles-capitale_6.jpg"},{"@type":"BreadcrumbList","@id":"https:\/\/lefoyerxl.be\/bruxelles\/#breadcrumb","itemListElement":[{"@type":"ListItem","position":1,"name":"Accueil","item":"https:\/\/lefoyerxl.be\/"},{"@type":"ListItem","position":2,"name":"Bruxelles"}]},{"@type":"WebSite","@id":"https:\/\/lefoyerxl.be\/#website","url":"https:\/\/lefoyerxl.be\/","name":"Gezondheidscentrum le foyer","description":"","publisher":{"@id":"https:\/\/lefoyerxl.be\/#organization"},"potentialAction":[{"@type":"SearchAction","target":{"@type":"EntryPoint","urlTemplate":"https:\/\/lefoyerxl.be\/?s={search_term_string}"},"query-input":{"@type":"PropertyValueSpecification","valueRequired":true,"valueName":"search_term_string"}}],"inLanguage":"nl-BE"},{"@type":"Organization","@id":"https:\/\/lefoyerxl.be\/#organization","name":"Gezondheidscentrum le foyer","url":"https:\/\/lefoyerxl.be\/","logo":{"@type":"ImageObject","inLanguage":"nl-BE","@id":"https:\/\/lefoyerxl.be\/#\/schema\/logo\/image\/","url":"https:\/\/lefoyerxl.be\/wp-content\/uploads\/2022\/05\/Logo_Centre_de_sante_Le_Foyer_72dpi.png","contentUrl":"https:\/\/lefoyerxl.be\/wp-content\/uploads\/2022\/05\/Logo_Centre_de_sante_Le_Foyer_72dpi.png","width":800,"height":620,"caption":"Centre de sant\u00e9 le foyer"},"image":{"@id":"https:\/\/lefoyerxl.be\/#\/schema\/logo\/image\/"}}]}},"_links":{"self":[{"href":"https:\/\/lefoyerxl.be\/nl\/wp-json\/wp\/v2\/pages\/475","targetHints":{"allow":["GET"]}}],"collection":[{"href":"https:\/\/lefoyerxl.be\/nl\/wp-json\/wp\/v2\/pages"}],"about":[{"href":"https:\/\/lefoyerxl.be\/nl\/wp-json\/wp\/v2\/types\/page"}],"author":[{"embeddable":true,"href":"https:\/\/lefoyerxl.be\/nl\/wp-json\/wp\/v2\/users\/1"}],"replies":[{"embeddable":true,"href":"https:\/\/lefoyerxl.be\/nl\/wp-json\/wp\/v2\/comments?post=475"}],"version-history":[{"count":81,"href":"https:\/\/lefoyerxl.be\/nl\/wp-json\/wp\/v2\/pages\/475\/revisions"}],"predecessor-version":[{"id":3315,"href":"https:\/\/lefoyerxl.be\/nl\/wp-json\/wp\/v2\/pages\/475\/revisions\/3315"}],"wp:attachment":[{"href":"https:\/\/lefoyerxl.be\/nl\/wp-json\/wp\/v2\/media?parent=475"}],"curies":[{"name":"wp","href":"https:\/\/api.w.org\/{rel}","templated":true}]}}