{"id":3,"date":"2022-04-26T15:55:22","date_gmt":"2022-04-26T13:55:22","guid":{"rendered":"https:\/\/lefoyerxl.be\/?page_id=3"},"modified":"2022-07-05T03:29:22","modified_gmt":"2022-07-05T01:29:22","slug":"politique-de-confidentialite","status":"publish","type":"page","link":"https:\/\/lefoyerxl.be\/nl\/privacybeleid\/","title":{"rendered":"Privacybeleid"},"content":{"rendered":"<div data-elementor-type=\"wp-page\" data-elementor-id=\"3\" class=\"elementor elementor-3\" data-elementor-post-type=\"page\">\n\t\t\t\t\t\t<section class=\"elementor-section elementor-top-section elementor-element elementor-element-45f637c8 elementor-section-boxed elementor-section-height-default elementor-section-height-default\" data-id=\"45f637c8\" data-element_type=\"section\" data-e-type=\"section\">\n\t\t\t\t\t\t<div class=\"elementor-container elementor-column-gap-default\">\n\t\t\t\t\t<div class=\"elementor-column elementor-col-100 elementor-top-column elementor-element elementor-element-6df69d73\" data-id=\"6df69d73\" data-element_type=\"column\" data-e-type=\"column\">\n\t\t\t<div class=\"elementor-widget-wrap elementor-element-populated\">\n\t\t\t\t\t\t<div class=\"elementor-element elementor-element-387c4907 elementor-widget elementor-widget-text-editor\" data-id=\"387c4907\" data-element_type=\"widget\" data-e-type=\"widget\" data-widget_type=\"text-editor.default\">\n\t\t\t\t<div class=\"elementor-widget-container\">\n\t\t\t\t\t\t\t\t\t\n<h2 class=\"wp-block-heading\"><span style=\"text-decoration: underline;\"><strong>Verzamelde gegevens<\/strong><\/span><\/h2>\n<p style=\"text-align: left;\">Wanneer u onze site gebruikt om een afspraak te maken, vragen wij u om enkele persoonlijke gegevens, zoals uw e-mailadres en naam.<\/p>\n<p>\u00a0<\/p>\n\n<h2 class=\"wp-block-heading\"><span style=\"text-decoration: underline;\"><strong>Cookies<\/strong><\/span><\/h2>\n\n<p style=\"text-align: left;\">Als u naar de inlogpagina gaat, wordt een tijdelijke cookie aangemaakt om te bepalen of uw browser cookies accepteert. Het bevat geen persoonlijke gegevens en wordt automatisch verwijderd wanneer u uw browser sluit.<\/p>\n<p style=\"text-align: left;\">\u00a0<\/p>\n\n<p style=\"text-align: left;\">Wanneer u inlogt, zullen wij een aantal cookies plaatsen om uw inloggegevens en schermvoorkeuren vast te leggen. De levensduur van een inlogcookie is twee dagen, en de levensduur van een cookie voor schermvoorkeuren is een jaar. Als u \"Onthoud mij\" aanvinkt, wordt uw inlogcookie twee weken bewaard. Als u zich afmeldt van uw account, wordt het aanmeldingscookie verwijderd.<\/p>\n<p>\u00a0<\/p>\n\n<p style=\"text-align: left;\">Wanneer u een publicatie bewerkt of publiceert, wordt een extra cookie in uw browser opgeslagen. Deze cookie bevat geen persoonsgegevens. Het geeft gewoon de ID aan van de publicatie die je net hebt bewerkt. Het vervalt na \u00e9\u00e9n dag.<\/p>\n<p>\u00a0<\/p>\n\n<h2 class=\"wp-block-heading\"><span style=\"text-decoration: underline;\"><strong>Gebruik en doorgifte van uw persoonsgegevens<\/strong><\/span><\/h2>\n\n<p style=\"text-align: left;\">Wij zullen uw persoonlijke gegevens niet doorgeven aan derden, met uitzondering van OVH die als enige taak heeft deze site te hosten.<\/p>\n\n<h2 class=\"wp-block-heading\">\u00a0<\/h2>\n<h2><span style=\"text-decoration: underline;\"><strong>Hoe lang uw gegevens worden bewaard<\/strong><\/span><\/h2>\n\n<p style=\"text-align: left;\">Uw persoonlijke gegevens worden \u00e9\u00e9n jaar bewaard en zijn uitsluitend toegankelijk voor de beheerder van deze site voor administratieve doeleinden.<\/p>\n<p>\u00a0<\/p>\n\n<h2 class=\"wp-block-heading\"><span style=\"text-decoration: underline;\"><strong>De rechten die u hebt met betrekking tot uw gegevens<\/strong><\/span><\/h2>\n\n<p style=\"text-align: left;\">Als u via deze site een afspraak hebt gemaakt, kunt u een dossier opvragen met alle persoonsgegevens die wij over u bewaren. U kunt ook verzoeken om verwijdering van uw persoonsgegevens. Dit omvat niet de gegevens die worden opgeslagen voor administratieve, wettelijke of beveiligingsdoeleinden.<\/p>\n\t\t\t\t\t\t\t\t<\/div>\n\t\t\t\t<\/div>\n\t\t\t\t\t<\/div>\n\t\t<\/div>\n\t\t\t\t\t<\/div>\n\t\t<\/section>\n\t\t\t\t<\/div>","protected":false},"excerpt":{"rendered":"<p>Verzamelde gegevens Wanneer u onze site gebruikt om een afspraak te maken,... <a class=\"more-link\" href=\"https:\/\/lefoyerxl.be\/nl\/privacybeleid\/\">Verder lezen over <span class=\"screen-reader-text\">Privacybeleid<\/span><\/a><\/p>","protected":false},"author":1,"featured_media":0,"parent":0,"menu_order":0,"comment_status":"closed","ping_status":"closed","template":"","meta":{"_acf_changed":false,"footnotes":""},"class_list":["post-3","page","type-page","status-publish","hentry","entry"],"acf":[],"yoast_head":"<!-- This site is optimized with the Yoast SEO plugin v27.4 - https:\/\/yoast.com\/product\/yoast-seo-wordpress\/ -->\n<title>Politique de confidentialit\u00e9 - Centre de sant\u00e9 le foyer<\/title>\n<meta name=\"robots\" content=\"index, follow, max-snippet:-1, max-image-preview:large, max-video-preview:-1\" \/>\n<link rel=\"canonical\" href=\"https:\/\/lefoyerxl.be\/nl\/privacybeleid\/\" \/>\n<meta property=\"og:locale\" content=\"nl_BE\" \/>\n<meta property=\"og:type\" content=\"article\" \/>\n<meta property=\"og:title\" content=\"Politique de confidentialit\u00e9 - Centre de sant\u00e9 le foyer\" \/>\n<meta property=\"og:description\" content=\"Donn\u00e9es collect\u00e9es Lorsque vous utilisez notre site pour prendre rendez-vous,&hellip; Verder lezen over Politique de confidentialit\u00e9\" \/>\n<meta property=\"og:url\" content=\"https:\/\/lefoyerxl.be\/nl\/privacybeleid\/\" \/>\n<meta property=\"og:site_name\" content=\"Centre de sant\u00e9 le foyer\" \/>\n<meta property=\"article:modified_time\" content=\"2022-07-05T01:29:22+00:00\" \/>\n<meta name=\"twitter:card\" content=\"summary_large_image\" \/>\n<meta name=\"twitter:label1\" content=\"Geschatte leestijd\" \/>\n\t<meta name=\"twitter:data1\" content=\"2 minuten\" \/>\n<script type=\"application\/ld+json\" class=\"yoast-schema-graph\">{\"@context\":\"https:\\\/\\\/schema.org\",\"@graph\":[{\"@type\":\"WebPage\",\"@id\":\"https:\\\/\\\/lefoyerxl.be\\\/politique-de-confidentialite\\\/\",\"url\":\"https:\\\/\\\/lefoyerxl.be\\\/politique-de-confidentialite\\\/\",\"name\":\"Politique de confidentialit\u00e9 - Centre de sant\u00e9 le foyer\",\"isPartOf\":{\"@id\":\"https:\\\/\\\/lefoyerxl.be\\\/#website\"},\"datePublished\":\"2022-04-26T13:55:22+00:00\",\"dateModified\":\"2022-07-05T01:29:22+00:00\",\"breadcrumb\":{\"@id\":\"https:\\\/\\\/lefoyerxl.be\\\/politique-de-confidentialite\\\/#breadcrumb\"},\"inLanguage\":\"nl-BE\",\"potentialAction\":[{\"@type\":\"ReadAction\",\"target\":[\"https:\\\/\\\/lefoyerxl.be\\\/politique-de-confidentialite\\\/\"]}]},{\"@type\":\"BreadcrumbList\",\"@id\":\"https:\\\/\\\/lefoyerxl.be\\\/politique-de-confidentialite\\\/#breadcrumb\",\"itemListElement\":[{\"@type\":\"ListItem\",\"position\":1,\"name\":\"Accueil\",\"item\":\"https:\\\/\\\/lefoyerxl.be\\\/\"},{\"@type\":\"ListItem\",\"position\":2,\"name\":\"Politique de confidentialit\u00e9\"}]},{\"@type\":\"WebSite\",\"@id\":\"https:\\\/\\\/lefoyerxl.be\\\/#website\",\"url\":\"https:\\\/\\\/lefoyerxl.be\\\/\",\"name\":\"Centre de sant\u00e9 le foyer\",\"description\":\"\",\"publisher\":{\"@id\":\"https:\\\/\\\/lefoyerxl.be\\\/#organization\"},\"potentialAction\":[{\"@type\":\"SearchAction\",\"target\":{\"@type\":\"EntryPoint\",\"urlTemplate\":\"https:\\\/\\\/lefoyerxl.be\\\/?s={search_term_string}\"},\"query-input\":{\"@type\":\"PropertyValueSpecification\",\"valueRequired\":true,\"valueName\":\"search_term_string\"}}],\"inLanguage\":\"nl-BE\"},{\"@type\":\"Organization\",\"@id\":\"https:\\\/\\\/lefoyerxl.be\\\/#organization\",\"name\":\"Centre de sant\u00e9 le foyer\",\"url\":\"https:\\\/\\\/lefoyerxl.be\\\/\",\"logo\":{\"@type\":\"ImageObject\",\"inLanguage\":\"nl-BE\",\"@id\":\"https:\\\/\\\/lefoyerxl.be\\\/#\\\/schema\\\/logo\\\/image\\\/\",\"url\":\"https:\\\/\\\/lefoyerxl.be\\\/wp-content\\\/uploads\\\/2022\\\/05\\\/Logo_Centre_de_sante_Le_Foyer_72dpi.png\",\"contentUrl\":\"https:\\\/\\\/lefoyerxl.be\\\/wp-content\\\/uploads\\\/2022\\\/05\\\/Logo_Centre_de_sante_Le_Foyer_72dpi.png\",\"width\":800,\"height\":620,\"caption\":\"Centre de sant\u00e9 le foyer\"},\"image\":{\"@id\":\"https:\\\/\\\/lefoyerxl.be\\\/#\\\/schema\\\/logo\\\/image\\\/\"}}]}<\/script>\n<!-- \/ Yoast SEO plugin. -->","yoast_head_json":{"title":"Privacybeleid - Centrum voor gezondheid en welzijn in de foyer","robots":{"index":"index","follow":"follow","max-snippet":"max-snippet:-1","max-image-preview":"max-image-preview:large","max-video-preview":"max-video-preview:-1"},"canonical":"https:\/\/lefoyerxl.be\/nl\/privacybeleid\/","og_locale":"nl_BE","og_type":"article","og_title":"Politique de confidentialit\u00e9 - Centre de sant\u00e9 le foyer","og_description":"Donn\u00e9es collect\u00e9es Lorsque vous utilisez notre site pour prendre rendez-vous,&hellip; Verder lezen over Politique de confidentialit\u00e9","og_url":"https:\/\/lefoyerxl.be\/nl\/privacybeleid\/","og_site_name":"Centre de sant\u00e9 le foyer","article_modified_time":"2022-07-05T01:29:22+00:00","twitter_card":"summary_large_image","twitter_misc":{"Geschatte leestijd":"2 minuten"},"schema":{"@context":"https:\/\/schema.org","@graph":[{"@type":"WebPage","@id":"https:\/\/lefoyerxl.be\/politique-de-confidentialite\/","url":"https:\/\/lefoyerxl.be\/politique-de-confidentialite\/","name":"Privacybeleid - Centrum voor gezondheid en welzijn in de foyer","isPartOf":{"@id":"https:\/\/lefoyerxl.be\/#website"},"datePublished":"2022-04-26T13:55:22+00:00","dateModified":"2022-07-05T01:29:22+00:00","breadcrumb":{"@id":"https:\/\/lefoyerxl.be\/politique-de-confidentialite\/#breadcrumb"},"inLanguage":"nl-BE","potentialAction":[{"@type":"ReadAction","target":["https:\/\/lefoyerxl.be\/politique-de-confidentialite\/"]}]},{"@type":"BreadcrumbList","@id":"https:\/\/lefoyerxl.be\/politique-de-confidentialite\/#breadcrumb","itemListElement":[{"@type":"ListItem","position":1,"name":"Accueil","item":"https:\/\/lefoyerxl.be\/"},{"@type":"ListItem","position":2,"name":"Politique de confidentialit\u00e9"}]},{"@type":"WebSite","@id":"https:\/\/lefoyerxl.be\/#website","url":"https:\/\/lefoyerxl.be\/","name":"Gezondheidscentrum le foyer","description":"","publisher":{"@id":"https:\/\/lefoyerxl.be\/#organization"},"potentialAction":[{"@type":"SearchAction","target":{"@type":"EntryPoint","urlTemplate":"https:\/\/lefoyerxl.be\/?s={search_term_string}"},"query-input":{"@type":"PropertyValueSpecification","valueRequired":true,"valueName":"search_term_string"}}],"inLanguage":"nl-BE"},{"@type":"Organization","@id":"https:\/\/lefoyerxl.be\/#organization","name":"Gezondheidscentrum le foyer","url":"https:\/\/lefoyerxl.be\/","logo":{"@type":"ImageObject","inLanguage":"nl-BE","@id":"https:\/\/lefoyerxl.be\/#\/schema\/logo\/image\/","url":"https:\/\/lefoyerxl.be\/wp-content\/uploads\/2022\/05\/Logo_Centre_de_sante_Le_Foyer_72dpi.png","contentUrl":"https:\/\/lefoyerxl.be\/wp-content\/uploads\/2022\/05\/Logo_Centre_de_sante_Le_Foyer_72dpi.png","width":800,"height":620,"caption":"Centre de sant\u00e9 le foyer"},"image":{"@id":"https:\/\/lefoyerxl.be\/#\/schema\/logo\/image\/"}}]}},"_links":{"self":[{"href":"https:\/\/lefoyerxl.be\/nl\/wp-json\/wp\/v2\/pages\/3","targetHints":{"allow":["GET"]}}],"collection":[{"href":"https:\/\/lefoyerxl.be\/nl\/wp-json\/wp\/v2\/pages"}],"about":[{"href":"https:\/\/lefoyerxl.be\/nl\/wp-json\/wp\/v2\/types\/page"}],"author":[{"embeddable":true,"href":"https:\/\/lefoyerxl.be\/nl\/wp-json\/wp\/v2\/users\/1"}],"replies":[{"embeddable":true,"href":"https:\/\/lefoyerxl.be\/nl\/wp-json\/wp\/v2\/comments?post=3"}],"version-history":[{"count":16,"href":"https:\/\/lefoyerxl.be\/nl\/wp-json\/wp\/v2\/pages\/3\/revisions"}],"predecessor-version":[{"id":3733,"href":"https:\/\/lefoyerxl.be\/nl\/wp-json\/wp\/v2\/pages\/3\/revisions\/3733"}],"wp:attachment":[{"href":"https:\/\/lefoyerxl.be\/nl\/wp-json\/wp\/v2\/media?parent=3"}],"curies":[{"name":"wp","href":"https:\/\/api.w.org\/{rel}","templated":true}]}}