{"id":19,"date":"2022-05-10T14:56:29","date_gmt":"2022-05-10T12:56:29","guid":{"rendered":"https:\/\/lefoyerxl.be\/?page_id=19"},"modified":"2022-10-29T03:20:18","modified_gmt":"2022-10-29T01:20:18","slug":"centre-de-sante-le-foyer","status":"publish","type":"page","link":"https:\/\/lefoyerxl.be\/nl\/centre-de-sante-le-foyer\/","title":{"rendered":"Gezondheidscentrum Le Foyer"},"content":{"rendered":"<div data-elementor-type=\"wp-page\" data-elementor-id=\"19\" class=\"elementor elementor-19\" data-elementor-post-type=\"page\">\n\t\t\t\t\t\t<section class=\"elementor-section elementor-top-section elementor-element elementor-element-cc6491d elementor-section-boxed elementor-section-height-default elementor-section-height-default\" data-id=\"cc6491d\" data-element_type=\"section\" data-e-type=\"section\">\n\t\t\t\t\t\t<div class=\"elementor-container elementor-column-gap-default\">\n\t\t\t\t\t<div class=\"elementor-column elementor-col-100 elementor-top-column elementor-element elementor-element-96dd2d6\" data-id=\"96dd2d6\" data-element_type=\"column\" data-e-type=\"column\">\n\t\t\t<div class=\"elementor-widget-wrap elementor-element-populated\">\n\t\t\t\t\t\t<div class=\"elementor-element elementor-element-4f0e103 elementor-widget elementor-widget-text-editor\" data-id=\"4f0e103\" data-element_type=\"widget\" data-e-type=\"widget\" data-widget_type=\"text-editor.default\">\n\t\t\t\t<div class=\"elementor-widget-container\">\n\t\t\t\t\t\t\t\t\t<p>Het gezondheidscentrum \"Le Foyer\" wil een multidisciplinair centrum op mensenmaat zijn, dat zowel ter beschikking staat van zijn beoefenaars als van de pati\u00ebnten die er passeren. Het ligt in een blok waar bewoners en professionals in harmonie samenleven in een rustige omgeving. Aan de overkant bevindt zich een belangrijke sociaal-culturele as van de gemeente Elsene, de See U (een plaats van ontspanning en een echt zenuwcentrum van het culturele leven van Elsene).<\/p><p><style type=\"text\/css\">p { margin-bottom: 0.1in; direction: ltr; line-height: 115%; text-align: left; orphans: 2; widows: 2; background: transparent }a:visited { color: #800080; text-decoration: underline }a:link { color: #0000ff; text-decoration: underline }<\/style><\/p>\t\t\t\t\t\t\t\t<\/div>\n\t\t\t\t<\/div>\n\t\t\t\t\t<\/div>\n\t\t<\/div>\n\t\t\t\t\t<\/div>\n\t\t<\/section>\n\t\t\t\t<section class=\"elementor-section elementor-top-section elementor-element elementor-element-905e205 elementor-section-boxed elementor-section-height-default elementor-section-height-default\" data-id=\"905e205\" data-element_type=\"section\" data-e-type=\"section\">\n\t\t\t\t\t\t<div class=\"elementor-container elementor-column-gap-default\">\n\t\t\t\t\t<div class=\"elementor-column elementor-col-100 elementor-top-column elementor-element elementor-element-61f77a5\" data-id=\"61f77a5\" data-element_type=\"column\" data-e-type=\"column\">\n\t\t\t<div class=\"elementor-widget-wrap elementor-element-populated\">\n\t\t\t\t\t\t<div class=\"elementor-element elementor-element-8fed671 elementor-widget elementor-widget-video\" data-id=\"8fed671\" data-element_type=\"widget\" data-e-type=\"widget\" data-settings=\"{&quot;video_type&quot;:&quot;hosted&quot;,&quot;autoplay&quot;:&quot;yes&quot;,&quot;play_on_mobile&quot;:&quot;yes&quot;,&quot;controls&quot;:&quot;yes&quot;}\" data-widget_type=\"video.default\">\n\t\t\t\t<div class=\"elementor-widget-container\">\n\t\t\t\t\t\t\t<div class=\"e-hosted-video elementor-wrapper elementor-open-inline\">\n\t\t\t\t\t<video class=\"elementor-video\" src=\"https:\/\/lefoyerxl.be\/wp-content\/uploads\/2022\/08\/Centre-de-sante-le-Foyer-1.mp4\" autoplay=\"\" controls=\"\" playsinline=\"\" poster=\"https:\/\/lefoyerxl.be\/wp-content\/uploads\/2022\/08\/Logo.jpeg\"><\/video>\n\t\t\t\t<\/div>\n\t\t\t\t\t\t<\/div>\n\t\t\t\t<\/div>\n\t\t\t\t\t<\/div>\n\t\t<\/div>\n\t\t\t\t\t<\/div>\n\t\t<\/section>\n\t\t\t\t<\/div>","protected":false},"excerpt":{"rendered":"<p>Het gezondheidscentrum \"Le Foyer\"... <a class=\"more-link\" href=\"https:\/\/lefoyerxl.be\/nl\/centre-de-sante-le-foyer\/\">Verder lezen over <span class=\"screen-reader-text\">Gezondheidscentrum Le Foyer<\/span><\/a><\/p>","protected":false},"author":1,"featured_media":0,"parent":0,"menu_order":0,"comment_status":"closed","ping_status":"closed","template":"","meta":{"_acf_changed":false,"footnotes":""},"class_list":["post-19","page","type-page","status-publish","hentry","entry"],"acf":[],"yoast_head":"<!-- This site is optimized with the Yoast SEO plugin v27.4 - https:\/\/yoast.com\/product\/yoast-seo-wordpress\/ -->\n<title>\u00c0 propos - Centre de sant\u00e9 le foyer<\/title>\n<meta name=\"description\" content=\"Le centre de sant\u00e9 \u00ab Le Foyer \u00bb est un centre m\u00e9dical pluridisciplinaire \u00e0 taille humaine situ\u00e9 \u00e0 Ixelles.\" \/>\n<meta name=\"robots\" content=\"index, follow, max-snippet:-1, max-image-preview:large, max-video-preview:-1\" \/>\n<link rel=\"canonical\" href=\"https:\/\/lefoyerxl.be\/nl\/centre-de-sante-le-foyer\/\" \/>\n<meta property=\"og:locale\" content=\"nl_BE\" \/>\n<meta property=\"og:type\" content=\"article\" \/>\n<meta property=\"og:title\" content=\"\u00c0 propos - Centre de sant\u00e9 le foyer\" \/>\n<meta property=\"og:description\" content=\"Le centre de sant\u00e9 \u00ab Le Foyer \u00bb est un centre m\u00e9dical pluridisciplinaire \u00e0 taille humaine situ\u00e9 \u00e0 Ixelles.\" \/>\n<meta property=\"og:url\" content=\"https:\/\/lefoyerxl.be\/nl\/centre-de-sante-le-foyer\/\" \/>\n<meta property=\"og:site_name\" content=\"Centre de sant\u00e9 le foyer\" \/>\n<meta property=\"article:modified_time\" content=\"2022-10-29T01:20:18+00:00\" \/>\n<meta name=\"twitter:card\" content=\"summary_large_image\" \/>\n<meta name=\"twitter:label1\" content=\"Geschatte leestijd\" \/>\n\t<meta name=\"twitter:data1\" content=\"1 minuut\" \/>\n<script type=\"application\/ld+json\" class=\"yoast-schema-graph\">{\"@context\":\"https:\\\/\\\/schema.org\",\"@graph\":[{\"@type\":\"WebPage\",\"@id\":\"https:\\\/\\\/lefoyerxl.be\\\/centre-de-sante-le-foyer\\\/\",\"url\":\"https:\\\/\\\/lefoyerxl.be\\\/centre-de-sante-le-foyer\\\/\",\"name\":\"\u00c0 propos - Centre de sant\u00e9 le foyer\",\"isPartOf\":{\"@id\":\"https:\\\/\\\/lefoyerxl.be\\\/#website\"},\"datePublished\":\"2022-05-10T12:56:29+00:00\",\"dateModified\":\"2022-10-29T01:20:18+00:00\",\"description\":\"Le centre de sant\u00e9 \u00ab Le Foyer \u00bb est un centre m\u00e9dical pluridisciplinaire \u00e0 taille humaine situ\u00e9 \u00e0 Ixelles.\",\"breadcrumb\":{\"@id\":\"https:\\\/\\\/lefoyerxl.be\\\/centre-de-sante-le-foyer\\\/#breadcrumb\"},\"inLanguage\":\"nl-BE\",\"potentialAction\":[{\"@type\":\"ReadAction\",\"target\":[\"https:\\\/\\\/lefoyerxl.be\\\/centre-de-sante-le-foyer\\\/\"]}]},{\"@type\":\"BreadcrumbList\",\"@id\":\"https:\\\/\\\/lefoyerxl.be\\\/centre-de-sante-le-foyer\\\/#breadcrumb\",\"itemListElement\":[{\"@type\":\"ListItem\",\"position\":1,\"name\":\"Accueil\",\"item\":\"https:\\\/\\\/lefoyerxl.be\\\/\"},{\"@type\":\"ListItem\",\"position\":2,\"name\":\"Centre de Sant\u00e9 le Foyer\"}]},{\"@type\":\"WebSite\",\"@id\":\"https:\\\/\\\/lefoyerxl.be\\\/#website\",\"url\":\"https:\\\/\\\/lefoyerxl.be\\\/\",\"name\":\"Centre de sant\u00e9 le foyer\",\"description\":\"\",\"publisher\":{\"@id\":\"https:\\\/\\\/lefoyerxl.be\\\/#organization\"},\"potentialAction\":[{\"@type\":\"SearchAction\",\"target\":{\"@type\":\"EntryPoint\",\"urlTemplate\":\"https:\\\/\\\/lefoyerxl.be\\\/?s={search_term_string}\"},\"query-input\":{\"@type\":\"PropertyValueSpecification\",\"valueRequired\":true,\"valueName\":\"search_term_string\"}}],\"inLanguage\":\"nl-BE\"},{\"@type\":\"Organization\",\"@id\":\"https:\\\/\\\/lefoyerxl.be\\\/#organization\",\"name\":\"Centre de sant\u00e9 le foyer\",\"url\":\"https:\\\/\\\/lefoyerxl.be\\\/\",\"logo\":{\"@type\":\"ImageObject\",\"inLanguage\":\"nl-BE\",\"@id\":\"https:\\\/\\\/lefoyerxl.be\\\/#\\\/schema\\\/logo\\\/image\\\/\",\"url\":\"https:\\\/\\\/lefoyerxl.be\\\/wp-content\\\/uploads\\\/2022\\\/05\\\/Logo_Centre_de_sante_Le_Foyer_72dpi.png\",\"contentUrl\":\"https:\\\/\\\/lefoyerxl.be\\\/wp-content\\\/uploads\\\/2022\\\/05\\\/Logo_Centre_de_sante_Le_Foyer_72dpi.png\",\"width\":800,\"height\":620,\"caption\":\"Centre de sant\u00e9 le foyer\"},\"image\":{\"@id\":\"https:\\\/\\\/lefoyerxl.be\\\/#\\\/schema\\\/logo\\\/image\\\/\"}}]}<\/script>\n<!-- \/ Yoast SEO plugin. -->","yoast_head_json":{"title":"Over - Gezondheidscentrum de foyer","description":"Het gezondheidscentrum \"Le Foyer\" is een multidisciplinair medisch centrum op mensenmaat in Elsene.","robots":{"index":"index","follow":"follow","max-snippet":"max-snippet:-1","max-image-preview":"max-image-preview:large","max-video-preview":"max-video-preview:-1"},"canonical":"https:\/\/lefoyerxl.be\/nl\/centre-de-sante-le-foyer\/","og_locale":"nl_BE","og_type":"article","og_title":"\u00c0 propos - Centre de sant\u00e9 le foyer","og_description":"Le centre de sant\u00e9 \u00ab Le Foyer \u00bb est un centre m\u00e9dical pluridisciplinaire \u00e0 taille humaine situ\u00e9 \u00e0 Ixelles.","og_url":"https:\/\/lefoyerxl.be\/nl\/centre-de-sante-le-foyer\/","og_site_name":"Centre de sant\u00e9 le foyer","article_modified_time":"2022-10-29T01:20:18+00:00","twitter_card":"summary_large_image","twitter_misc":{"Geschatte leestijd":"1 minuut"},"schema":{"@context":"https:\/\/schema.org","@graph":[{"@type":"WebPage","@id":"https:\/\/lefoyerxl.be\/centre-de-sante-le-foyer\/","url":"https:\/\/lefoyerxl.be\/centre-de-sante-le-foyer\/","name":"Over - Gezondheidscentrum de foyer","isPartOf":{"@id":"https:\/\/lefoyerxl.be\/#website"},"datePublished":"2022-05-10T12:56:29+00:00","dateModified":"2022-10-29T01:20:18+00:00","description":"Het gezondheidscentrum \"Le Foyer\" is een multidisciplinair medisch centrum op mensenmaat in Elsene.","breadcrumb":{"@id":"https:\/\/lefoyerxl.be\/centre-de-sante-le-foyer\/#breadcrumb"},"inLanguage":"nl-BE","potentialAction":[{"@type":"ReadAction","target":["https:\/\/lefoyerxl.be\/centre-de-sante-le-foyer\/"]}]},{"@type":"BreadcrumbList","@id":"https:\/\/lefoyerxl.be\/centre-de-sante-le-foyer\/#breadcrumb","itemListElement":[{"@type":"ListItem","position":1,"name":"Accueil","item":"https:\/\/lefoyerxl.be\/"},{"@type":"ListItem","position":2,"name":"Centre de Sant\u00e9 le Foyer"}]},{"@type":"WebSite","@id":"https:\/\/lefoyerxl.be\/#website","url":"https:\/\/lefoyerxl.be\/","name":"Gezondheidscentrum le foyer","description":"","publisher":{"@id":"https:\/\/lefoyerxl.be\/#organization"},"potentialAction":[{"@type":"SearchAction","target":{"@type":"EntryPoint","urlTemplate":"https:\/\/lefoyerxl.be\/?s={search_term_string}"},"query-input":{"@type":"PropertyValueSpecification","valueRequired":true,"valueName":"search_term_string"}}],"inLanguage":"nl-BE"},{"@type":"Organization","@id":"https:\/\/lefoyerxl.be\/#organization","name":"Gezondheidscentrum le foyer","url":"https:\/\/lefoyerxl.be\/","logo":{"@type":"ImageObject","inLanguage":"nl-BE","@id":"https:\/\/lefoyerxl.be\/#\/schema\/logo\/image\/","url":"https:\/\/lefoyerxl.be\/wp-content\/uploads\/2022\/05\/Logo_Centre_de_sante_Le_Foyer_72dpi.png","contentUrl":"https:\/\/lefoyerxl.be\/wp-content\/uploads\/2022\/05\/Logo_Centre_de_sante_Le_Foyer_72dpi.png","width":800,"height":620,"caption":"Centre de sant\u00e9 le foyer"},"image":{"@id":"https:\/\/lefoyerxl.be\/#\/schema\/logo\/image\/"}}]}},"_links":{"self":[{"href":"https:\/\/lefoyerxl.be\/nl\/wp-json\/wp\/v2\/pages\/19","targetHints":{"allow":["GET"]}}],"collection":[{"href":"https:\/\/lefoyerxl.be\/nl\/wp-json\/wp\/v2\/pages"}],"about":[{"href":"https:\/\/lefoyerxl.be\/nl\/wp-json\/wp\/v2\/types\/page"}],"author":[{"embeddable":true,"href":"https:\/\/lefoyerxl.be\/nl\/wp-json\/wp\/v2\/users\/1"}],"replies":[{"embeddable":true,"href":"https:\/\/lefoyerxl.be\/nl\/wp-json\/wp\/v2\/comments?post=19"}],"version-history":[{"count":60,"href":"https:\/\/lefoyerxl.be\/nl\/wp-json\/wp\/v2\/pages\/19\/revisions"}],"predecessor-version":[{"id":3720,"href":"https:\/\/lefoyerxl.be\/nl\/wp-json\/wp\/v2\/pages\/19\/revisions\/3720"}],"wp:attachment":[{"href":"https:\/\/lefoyerxl.be\/nl\/wp-json\/wp\/v2\/media?parent=19"}],"curies":[{"name":"wp","href":"https:\/\/api.w.org\/{rel}","templated":true}]}}