{"id":475,"date":"2022-05-24T18:55:35","date_gmt":"2022-05-24T16:55:35","guid":{"rendered":"https:\/\/lefoyerxl.be\/?page_id=475"},"modified":"2022-08-04T16:49:19","modified_gmt":"2022-08-04T14:49:19","slug":"bruxelles","status":"publish","type":"page","link":"https:\/\/lefoyerxl.be\/en\/brussels\/","title":{"rendered":"Brussels"},"content":{"rendered":"<div data-elementor-type=\"wp-page\" data-elementor-id=\"475\" class=\"elementor elementor-475\" data-elementor-post-type=\"page\">\n\t\t\t\t\t\t<section class=\"elementor-section elementor-top-section elementor-element elementor-element-b8d7db6 elementor-section-boxed elementor-section-height-default elementor-section-height-default\" data-id=\"b8d7db6\" data-element_type=\"section\" data-e-type=\"section\">\n\t\t\t\t\t\t<div class=\"elementor-container elementor-column-gap-default\">\n\t\t\t\t\t<div class=\"elementor-column elementor-col-100 elementor-top-column elementor-element elementor-element-64f2fe2\" data-id=\"64f2fe2\" data-element_type=\"column\" data-e-type=\"column\">\n\t\t\t<div class=\"elementor-widget-wrap elementor-element-populated\">\n\t\t\t\t\t\t<div class=\"elementor-element elementor-element-0570d6b elementor-widget elementor-widget-sitemap\" data-id=\"0570d6b\" data-element_type=\"widget\" data-e-type=\"widget\" data-widget_type=\"sitemap.default\">\n\t\t\t\t<div class=\"elementor-widget-container\">\n\t\t\t\t\t<div class=\"elementor-sitemap-wrap\"><div class=\"elementor-sitemap-section\"><h2 class=\"elementor-sitemap-title elementor-sitemap-categories_bruxelles-title\">Categories<\/h2><ul class=\"elementor-sitemap-list elementor-sitemap-categories_bruxelles-list\">\t<li class=\"elementor-sitemap-item elementor-sitemap-item-categories_bruxelles cat-item cat-item-134\"><a href=\"https:\/\/lefoyerxl.be\/en\/categories_bruxelles\/life-society-outings\/\">Social Life and Outings<\/a>\n<\/li>\n\t<li class=\"elementor-sitemap-item elementor-sitemap-item-categories_bruxelles cat-item cat-item-130\"><a href=\"https:\/\/lefoyerxl.be\/en\/categories_bruxelles\/life-daily\/\">Daily Life<\/a>\n<\/li>\n\t<li class=\"elementor-sitemap-item elementor-sitemap-item-categories_bruxelles cat-item cat-item-129\"><a href=\"https:\/\/lefoyerxl.be\/en\/categories_bruxelles\/labour-finance\/\">Work and Finance<\/a>\n<\/li>\n\t<li class=\"elementor-sitemap-item elementor-sitemap-item-categories_bruxelles cat-item cat-item-135\"><a href=\"https:\/\/lefoyerxl.be\/en\/categories_bruxelles\/sport-well-being-green-leisure\/\">Sport, Wellness &amp; Green Leisure<\/a>\n<\/li>\n\t<li class=\"elementor-sitemap-item elementor-sitemap-item-categories_bruxelles cat-item cat-item-131\"><a href=\"https:\/\/lefoyerxl.be\/en\/categories_bruxelles\/shopping\/\">Shopping<\/a>\n<\/li>\n\t<li class=\"elementor-sitemap-item elementor-sitemap-item-categories_bruxelles cat-item cat-item-128\"><a href=\"https:\/\/lefoyerxl.be\/en\/categories_bruxelles\/social-security-and-health\/\">Social Security and Health<\/a>\n<\/li>\n\t<li class=\"elementor-sitemap-item elementor-sitemap-item-categories_bruxelles cat-item cat-item-35\"><a href=\"https:\/\/lefoyerxl.be\/en\/categories_bruxelles\/integration-brussels\/\">S&#039;install and connect<\/a>\n<\/li>\n\t<li class=\"elementor-sitemap-item elementor-sitemap-item-categories_bruxelles cat-item cat-item-136\"><a href=\"https:\/\/lefoyerxl.be\/en\/categories_bruxelles\/plan-metro\/\">Map of the Metro<\/a>\n<\/li>\n\t<li class=\"elementor-sitemap-item elementor-sitemap-item-categories_bruxelles cat-item cat-item-138\"><a href=\"https:\/\/lefoyerxl.be\/en\/categories_bruxelles\/residence-formalities\/\">Residence formalities<\/a>\n<\/li>\n\t<li class=\"elementor-sitemap-item elementor-sitemap-item-categories_bruxelles cat-item cat-item-133\"><a href=\"https:\/\/lefoyerxl.be\/en\/categories_bruxelles\/education-school-of-languages\/\">Education and Language School<\/a>\n<\/li>\n\t<li class=\"elementor-sitemap-item elementor-sitemap-item-categories_bruxelles cat-item cat-item-132\"><a href=\"https:\/\/lefoyerxl.be\/en\/categories_bruxelles\/brussels-with-children\/\">Brussels with children<\/a>\n<\/li>\n\t<li class=\"elementor-sitemap-item elementor-sitemap-item-categories_bruxelles cat-item cat-item-137\"><a href=\"https:\/\/lefoyerxl.be\/en\/categories_bruxelles\/must-have-applications\/\">Applications and essentials<\/a>\n<\/li>\n\t<li class=\"elementor-sitemap-item elementor-sitemap-item-categories_bruxelles cat-item cat-item-36\"><a href=\"https:\/\/lefoyerxl.be\/en\/categories_bruxelles\/administration-insurance\/\">Administration &amp; Insurance<\/a>\n<\/li>\n<\/ul><\/div><\/div>\t\t\t\t<\/div>\n\t\t\t\t<\/div>\n\t\t\t\t\t<\/div>\n\t\t<\/div>\n\t\t\t\t\t<\/div>\n\t\t<\/section>\n\t\t\t\t<section class=\"elementor-section elementor-top-section elementor-element elementor-element-987562a elementor-section-boxed elementor-section-height-default elementor-section-height-default\" data-id=\"987562a\" data-element_type=\"section\" data-e-type=\"section\">\n\t\t\t\t\t\t<div class=\"elementor-container elementor-column-gap-default\">\n\t\t\t\t\t<div class=\"elementor-column elementor-col-100 elementor-top-column elementor-element elementor-element-a45a589\" data-id=\"a45a589\" data-element_type=\"column\" data-e-type=\"column\">\n\t\t\t<div class=\"elementor-widget-wrap elementor-element-populated\">\n\t\t\t\t\t\t<div class=\"elementor-element elementor-element-9a9df38 elementor-widget elementor-widget-text-editor\" data-id=\"9a9df38\" data-element_type=\"widget\" data-e-type=\"widget\" data-widget_type=\"text-editor.default\">\n\t\t\t\t<div class=\"elementor-widget-container\">\n\t\t\t\t\t\t\t\t\t<p>Officially two languages are spoken in Brussels, French (the majority) and Dutch. Fortunately, you will be surprised to find that Belgians speak English very well, and when you walk down the street, you will hear all the languages of the world. Brussels is above all a multicultural city. The headquarters of the major international organisations and everything that revolves around them enrich the city with dozens of nationalities. You're sure to find friends! And to top it all off, Brussels remains a human-sized capital.<\/p><div>\u00a0<\/div><div>Education has adapted and Brussels is home to a large number of international schools. Higher education in English is not left behind.<\/div><p>\u00a0<\/p>\t\t\t\t\t\t\t\t<\/div>\n\t\t\t\t<\/div>\n\t\t\t\t\t<\/div>\n\t\t<\/div>\n\t\t\t\t\t<\/div>\n\t\t<\/section>\n\t\t\t\t<section class=\"elementor-section elementor-top-section elementor-element elementor-element-3c5c935f elementor-section-full_width elementor-section-height-default elementor-section-height-default\" data-id=\"3c5c935f\" data-element_type=\"section\" data-e-type=\"section\">\n\t\t\t\t\t\t<div class=\"elementor-container elementor-column-gap-default\">\n\t\t\t\t\t<div class=\"elementor-column elementor-col-100 elementor-top-column elementor-element elementor-element-453c0c7d\" data-id=\"453c0c7d\" data-element_type=\"column\" data-e-type=\"column\">\n\t\t\t<div class=\"elementor-widget-wrap elementor-element-populated\">\n\t\t\t\t\t\t<div class=\"elementor-element elementor-element-3067afff elementor-hidden-mobile elementor-arrows-position-inside elementor-pagination-position-outside elementor-widget elementor-widget-image-carousel\" data-id=\"3067afff\" data-element_type=\"widget\" data-e-type=\"widget\" data-settings=\"{&quot;slides_to_show&quot;:&quot;1&quot;,&quot;autoplay_speed&quot;:7000,&quot;navigation&quot;:&quot;both&quot;,&quot;autoplay&quot;:&quot;yes&quot;,&quot;pause_on_hover&quot;:&quot;yes&quot;,&quot;pause_on_interaction&quot;:&quot;yes&quot;,&quot;infinite&quot;:&quot;yes&quot;,&quot;effect&quot;:&quot;slide&quot;,&quot;speed&quot;:500}\" data-widget_type=\"image-carousel.default\">\n\t\t\t\t<div class=\"elementor-widget-container\">\n\t\t\t\t\t\t\t<div class=\"elementor-image-carousel-wrapper swiper\" role=\"region\" aria-roledescription=\"carousel\" aria-label=\"\u041a\u0430\u0440\u0443\u0441\u0435\u043b\u044c \u0437\u043e\u0431\u0440\u0430\u0436\u0435\u043d\u044c\" dir=\"ltr\">\n\t\t\t<div class=\"elementor-image-carousel swiper-wrapper swiper-image-stretch\" aria-live=\"off\">\n\t\t\t\t\t\t\t\t<div class=\"swiper-slide\" role=\"group\" aria-roledescription=\"slide\" aria-label=\"1 \u0432\u0456\u0434 3\" data-no-translation-aria-label=\"\"><figure class=\"swiper-slide-inner\"><img decoding=\"async\" class=\"swiper-slide-image\" src=\"https:\/\/lefoyerxl.be\/wp-content\/uploads\/2022\/05\/1000-Bruxelles-capitale_6.jpg\" alt=\"1000-Bruxelles-capitale_6\" \/><\/figure><\/div><div class=\"swiper-slide\" role=\"group\" aria-roledescription=\"slide\" aria-label=\"2 \u0432\u0456\u0434 3\" data-no-translation-aria-label=\"\"><figure class=\"swiper-slide-inner\"><img decoding=\"async\" class=\"swiper-slide-image\" src=\"https:\/\/lefoyerxl.be\/wp-content\/uploads\/2022\/05\/1000-Bruxelles-capitale_8.jpg\" alt=\"1000-Bruxelles-capitale_8\" \/><\/figure><\/div><div class=\"swiper-slide\" role=\"group\" aria-roledescription=\"slide\" aria-label=\"3 \u0432\u0456\u0434 3\" data-no-translation-aria-label=\"\"><figure class=\"swiper-slide-inner\"><img decoding=\"async\" class=\"swiper-slide-image\" src=\"https:\/\/lefoyerxl.be\/wp-content\/uploads\/2022\/05\/1000-Bruxelles-capitale_18.jpg\" alt=\"1000-Bruxelles-capitale_18\" \/><\/figure><\/div>\t\t\t<\/div>\n\t\t\t\t\t\t\t\t\t\t\t\t<div class=\"elementor-swiper-button elementor-swiper-button-prev\" role=\"button\" tabindex=\"0\">\n\t\t\t\t\t\t<i aria-hidden=\"true\" class=\"eicon-chevron-left\"><\/i>\t\t\t\t\t<\/div>\n\t\t\t\t\t<div class=\"elementor-swiper-button elementor-swiper-button-next\" role=\"button\" tabindex=\"0\">\n\t\t\t\t\t\t<i aria-hidden=\"true\" class=\"eicon-chevron-right\"><\/i>\t\t\t\t\t<\/div>\n\t\t\t\t\n\t\t\t\t\t\t\t\t\t<div class=\"swiper-pagination\"><\/div>\n\t\t\t\t\t\t\t\t\t<\/div>\n\t\t\t\t\t\t<\/div>\n\t\t\t\t<\/div>\n\t\t\t\t<div class=\"elementor-element elementor-element-6f39bbb0 elementor-hidden-desktop elementor-hidden-tablet elementor-arrows-position-inside elementor-pagination-position-outside elementor-widget elementor-widget-image-carousel\" data-id=\"6f39bbb0\" data-element_type=\"widget\" data-e-type=\"widget\" data-settings=\"{&quot;slides_to_show&quot;:&quot;1&quot;,&quot;autoplay_speed&quot;:7000,&quot;navigation&quot;:&quot;both&quot;,&quot;autoplay&quot;:&quot;yes&quot;,&quot;pause_on_hover&quot;:&quot;yes&quot;,&quot;pause_on_interaction&quot;:&quot;yes&quot;,&quot;infinite&quot;:&quot;yes&quot;,&quot;effect&quot;:&quot;slide&quot;,&quot;speed&quot;:500}\" data-widget_type=\"image-carousel.default\">\n\t\t\t\t<div class=\"elementor-widget-container\">\n\t\t\t\t\t\t\t<div class=\"elementor-image-carousel-wrapper swiper\" role=\"region\" aria-roledescription=\"carousel\" aria-label=\"\u041a\u0430\u0440\u0443\u0441\u0435\u043b\u044c \u0437\u043e\u0431\u0440\u0430\u0436\u0435\u043d\u044c\" dir=\"ltr\">\n\t\t\t<div class=\"elementor-image-carousel swiper-wrapper swiper-image-stretch\" aria-live=\"off\">\n\t\t\t\t\t\t\t\t<div class=\"swiper-slide\" role=\"group\" aria-roledescription=\"slide\" aria-label=\"1 \u0432\u0456\u0434 3\" data-no-translation-aria-label=\"\"><figure class=\"swiper-slide-inner\"><img decoding=\"async\" class=\"swiper-slide-image\" src=\"https:\/\/lefoyerxl.be\/wp-content\/uploads\/2022\/05\/1000-Bruxelles-capitale_mobile_6.jpg\" alt=\"1000-Brussels-capital_mobile_6\" \/><\/figure><\/div><div class=\"swiper-slide\" role=\"group\" aria-roledescription=\"slide\" aria-label=\"2 \u0432\u0456\u0434 3\" data-no-translation-aria-label=\"\"><figure class=\"swiper-slide-inner\"><img decoding=\"async\" class=\"swiper-slide-image\" src=\"https:\/\/lefoyerxl.be\/wp-content\/uploads\/2022\/05\/1000-Bruxelles-capitale_mobile_8.jpg\" alt=\"1000-Brussels-capital_mobile_8\" \/><\/figure><\/div><div class=\"swiper-slide\" role=\"group\" aria-roledescription=\"slide\" aria-label=\"3 \u0432\u0456\u0434 3\" data-no-translation-aria-label=\"\"><figure class=\"swiper-slide-inner\"><img decoding=\"async\" class=\"swiper-slide-image\" src=\"https:\/\/lefoyerxl.be\/wp-content\/uploads\/2022\/05\/1000-Bruxelles-capitale_mobile_18.jpg\" alt=\"1000-Bruxelles-capitale_mobile_18\" \/><\/figure><\/div>\t\t\t<\/div>\n\t\t\t\t\t\t\t\t\t\t\t\t<div class=\"elementor-swiper-button elementor-swiper-button-prev\" role=\"button\" tabindex=\"0\">\n\t\t\t\t\t\t<i aria-hidden=\"true\" class=\"eicon-chevron-left\"><\/i>\t\t\t\t\t<\/div>\n\t\t\t\t\t<div class=\"elementor-swiper-button elementor-swiper-button-next\" role=\"button\" tabindex=\"0\">\n\t\t\t\t\t\t<i aria-hidden=\"true\" class=\"eicon-chevron-right\"><\/i>\t\t\t\t\t<\/div>\n\t\t\t\t\n\t\t\t\t\t\t\t\t\t<div class=\"swiper-pagination\"><\/div>\n\t\t\t\t\t\t\t\t\t<\/div>\n\t\t\t\t\t\t<\/div>\n\t\t\t\t<\/div>\n\t\t\t\t\t<\/div>\n\t\t<\/div>\n\t\t\t\t\t<\/div>\n\t\t<\/section>\n\t\t\t\t<\/div>","protected":false},"excerpt":{"rendered":"<p>Officially, two languages are spoken in Brussels: French (the majority language)... <a class=\"more-link\" href=\"https:\/\/lefoyerxl.be\/en\/brussels\/\">Continue reading <span class=\"screen-reader-text\">Brussels<\/span><\/a><\/p>","protected":false},"author":1,"featured_media":0,"parent":0,"menu_order":0,"comment_status":"closed","ping_status":"closed","template":"","meta":{"_acf_changed":false,"footnotes":""},"class_list":["post-475","page","type-page","status-publish","hentry","entry"],"acf":[],"yoast_head":"<!-- This site is optimized with the Yoast SEO plugin v27.3 - https:\/\/yoast.com\/product\/yoast-seo-wordpress\/ -->\n<title>Bruxelles - Centre de sant\u00e9 le foyer<\/title>\n<meta name=\"description\" content=\"Nouveau arrivant \u00e0 Bruxelles ? Le Centre de Sant\u00e9 le Foyer vous offre un tour guid\u00e9 de la capitale !\" \/>\n<meta name=\"robots\" content=\"index, follow, max-snippet:-1, max-image-preview:large, max-video-preview:-1\" \/>\n<link rel=\"canonical\" href=\"https:\/\/lefoyerxl.be\/en\/brussels\/\" \/>\n<meta property=\"og:locale\" content=\"en_GB\" \/>\n<meta property=\"og:type\" content=\"article\" \/>\n<meta property=\"og:title\" content=\"Bruxelles - Centre de sant\u00e9 le foyer\" \/>\n<meta property=\"og:description\" content=\"Nouveau arrivant \u00e0 Bruxelles ? Le Centre de Sant\u00e9 le Foyer vous offre un tour guid\u00e9 de la capitale !\" \/>\n<meta property=\"og:url\" content=\"https:\/\/lefoyerxl.be\/en\/brussels\/\" \/>\n<meta property=\"og:site_name\" content=\"Centre de sant\u00e9 le foyer\" \/>\n<meta property=\"article:modified_time\" content=\"2022-08-04T14:49:19+00:00\" \/>\n<meta property=\"og:image\" content=\"https:\/\/lefoyerxl.be\/wp-content\/uploads\/2022\/05\/1000-Bruxelles-capitale_6.jpg\" \/>\n<meta name=\"twitter:card\" content=\"summary_large_image\" \/>\n<meta name=\"twitter:label1\" content=\"Estimated reading time\" \/>\n\t<meta name=\"twitter:data1\" content=\"2 minutes\" \/>\n<script type=\"application\/ld+json\" class=\"yoast-schema-graph\">{\"@context\":\"https:\\\/\\\/schema.org\",\"@graph\":[{\"@type\":\"WebPage\",\"@id\":\"https:\\\/\\\/lefoyerxl.be\\\/bruxelles\\\/\",\"url\":\"https:\\\/\\\/lefoyerxl.be\\\/bruxelles\\\/\",\"name\":\"Bruxelles - Centre de sant\u00e9 le foyer\",\"isPartOf\":{\"@id\":\"https:\\\/\\\/lefoyerxl.be\\\/#website\"},\"primaryImageOfPage\":{\"@id\":\"https:\\\/\\\/lefoyerxl.be\\\/bruxelles\\\/#primaryimage\"},\"image\":{\"@id\":\"https:\\\/\\\/lefoyerxl.be\\\/bruxelles\\\/#primaryimage\"},\"thumbnailUrl\":\"https:\\\/\\\/lefoyerxl.be\\\/wp-content\\\/uploads\\\/2022\\\/05\\\/1000-Bruxelles-capitale_6.jpg\",\"datePublished\":\"2022-05-24T16:55:35+00:00\",\"dateModified\":\"2022-08-04T14:49:19+00:00\",\"description\":\"Nouveau arrivant \u00e0 Bruxelles ? Le Centre de Sant\u00e9 le Foyer vous offre un tour guid\u00e9 de la capitale !\",\"breadcrumb\":{\"@id\":\"https:\\\/\\\/lefoyerxl.be\\\/bruxelles\\\/#breadcrumb\"},\"inLanguage\":\"en-GB\",\"potentialAction\":[{\"@type\":\"ReadAction\",\"target\":[\"https:\\\/\\\/lefoyerxl.be\\\/bruxelles\\\/\"]}]},{\"@type\":\"ImageObject\",\"inLanguage\":\"en-GB\",\"@id\":\"https:\\\/\\\/lefoyerxl.be\\\/bruxelles\\\/#primaryimage\",\"url\":\"https:\\\/\\\/lefoyerxl.be\\\/wp-content\\\/uploads\\\/2022\\\/05\\\/1000-Bruxelles-capitale_6.jpg\",\"contentUrl\":\"https:\\\/\\\/lefoyerxl.be\\\/wp-content\\\/uploads\\\/2022\\\/05\\\/1000-Bruxelles-capitale_6.jpg\"},{\"@type\":\"BreadcrumbList\",\"@id\":\"https:\\\/\\\/lefoyerxl.be\\\/bruxelles\\\/#breadcrumb\",\"itemListElement\":[{\"@type\":\"ListItem\",\"position\":1,\"name\":\"Accueil\",\"item\":\"https:\\\/\\\/lefoyerxl.be\\\/\"},{\"@type\":\"ListItem\",\"position\":2,\"name\":\"Bruxelles\"}]},{\"@type\":\"WebSite\",\"@id\":\"https:\\\/\\\/lefoyerxl.be\\\/#website\",\"url\":\"https:\\\/\\\/lefoyerxl.be\\\/\",\"name\":\"Centre de sant\u00e9 le foyer\",\"description\":\"\",\"publisher\":{\"@id\":\"https:\\\/\\\/lefoyerxl.be\\\/#organization\"},\"potentialAction\":[{\"@type\":\"SearchAction\",\"target\":{\"@type\":\"EntryPoint\",\"urlTemplate\":\"https:\\\/\\\/lefoyerxl.be\\\/?s={search_term_string}\"},\"query-input\":{\"@type\":\"PropertyValueSpecification\",\"valueRequired\":true,\"valueName\":\"search_term_string\"}}],\"inLanguage\":\"en-GB\"},{\"@type\":\"Organization\",\"@id\":\"https:\\\/\\\/lefoyerxl.be\\\/#organization\",\"name\":\"Centre de sant\u00e9 le foyer\",\"url\":\"https:\\\/\\\/lefoyerxl.be\\\/\",\"logo\":{\"@type\":\"ImageObject\",\"inLanguage\":\"en-GB\",\"@id\":\"https:\\\/\\\/lefoyerxl.be\\\/#\\\/schema\\\/logo\\\/image\\\/\",\"url\":\"https:\\\/\\\/lefoyerxl.be\\\/wp-content\\\/uploads\\\/2022\\\/05\\\/Logo_Centre_de_sante_Le_Foyer_72dpi.png\",\"contentUrl\":\"https:\\\/\\\/lefoyerxl.be\\\/wp-content\\\/uploads\\\/2022\\\/05\\\/Logo_Centre_de_sante_Le_Foyer_72dpi.png\",\"width\":800,\"height\":620,\"caption\":\"Centre de sant\u00e9 le foyer\"},\"image\":{\"@id\":\"https:\\\/\\\/lefoyerxl.be\\\/#\\\/schema\\\/logo\\\/image\\\/\"}}]}<\/script>\n<!-- \/ Yoast SEO plugin. -->","yoast_head_json":{"title":"Brussels - Centre de sant\u00e9 le foyer","description":"New to Brussels? The Centre de Sant\u00e9 le Foyer offers you a guided tour of the capital!","robots":{"index":"index","follow":"follow","max-snippet":"max-snippet:-1","max-image-preview":"max-image-preview:large","max-video-preview":"max-video-preview:-1"},"canonical":"https:\/\/lefoyerxl.be\/en\/brussels\/","og_locale":"en_GB","og_type":"article","og_title":"Bruxelles - Centre de sant\u00e9 le foyer","og_description":"Nouveau arrivant \u00e0 Bruxelles ? Le Centre de Sant\u00e9 le Foyer vous offre un tour guid\u00e9 de la capitale !","og_url":"https:\/\/lefoyerxl.be\/en\/brussels\/","og_site_name":"Centre de sant\u00e9 le foyer","article_modified_time":"2022-08-04T14:49:19+00:00","og_image":[{"url":"https:\/\/lefoyerxl.be\/wp-content\/uploads\/2022\/05\/1000-Bruxelles-capitale_6.jpg","type":"","width":"","height":""}],"twitter_card":"summary_large_image","twitter_misc":{"Estimated reading time":"2 minutes"},"schema":{"@context":"https:\/\/schema.org","@graph":[{"@type":"WebPage","@id":"https:\/\/lefoyerxl.be\/bruxelles\/","url":"https:\/\/lefoyerxl.be\/bruxelles\/","name":"Brussels - Centre de sant\u00e9 le foyer","isPartOf":{"@id":"https:\/\/lefoyerxl.be\/#website"},"primaryImageOfPage":{"@id":"https:\/\/lefoyerxl.be\/bruxelles\/#primaryimage"},"image":{"@id":"https:\/\/lefoyerxl.be\/bruxelles\/#primaryimage"},"thumbnailUrl":"https:\/\/lefoyerxl.be\/wp-content\/uploads\/2022\/05\/1000-Bruxelles-capitale_6.jpg","datePublished":"2022-05-24T16:55:35+00:00","dateModified":"2022-08-04T14:49:19+00:00","description":"New to Brussels? The Centre de Sant\u00e9 le Foyer offers you a guided tour of the capital!","breadcrumb":{"@id":"https:\/\/lefoyerxl.be\/bruxelles\/#breadcrumb"},"inLanguage":"en-GB","potentialAction":[{"@type":"ReadAction","target":["https:\/\/lefoyerxl.be\/bruxelles\/"]}]},{"@type":"ImageObject","inLanguage":"en-GB","@id":"https:\/\/lefoyerxl.be\/bruxelles\/#primaryimage","url":"https:\/\/lefoyerxl.be\/wp-content\/uploads\/2022\/05\/1000-Bruxelles-capitale_6.jpg","contentUrl":"https:\/\/lefoyerxl.be\/wp-content\/uploads\/2022\/05\/1000-Bruxelles-capitale_6.jpg"},{"@type":"BreadcrumbList","@id":"https:\/\/lefoyerxl.be\/bruxelles\/#breadcrumb","itemListElement":[{"@type":"ListItem","position":1,"name":"Accueil","item":"https:\/\/lefoyerxl.be\/"},{"@type":"ListItem","position":2,"name":"Bruxelles"}]},{"@type":"WebSite","@id":"https:\/\/lefoyerxl.be\/#website","url":"https:\/\/lefoyerxl.be\/","name":"Health centre le foyer","description":"","publisher":{"@id":"https:\/\/lefoyerxl.be\/#organization"},"potentialAction":[{"@type":"SearchAction","target":{"@type":"EntryPoint","urlTemplate":"https:\/\/lefoyerxl.be\/?s={search_term_string}"},"query-input":{"@type":"PropertyValueSpecification","valueRequired":true,"valueName":"search_term_string"}}],"inLanguage":"en-GB"},{"@type":"Organization","@id":"https:\/\/lefoyerxl.be\/#organization","name":"Health centre le foyer","url":"https:\/\/lefoyerxl.be\/","logo":{"@type":"ImageObject","inLanguage":"en-GB","@id":"https:\/\/lefoyerxl.be\/#\/schema\/logo\/image\/","url":"https:\/\/lefoyerxl.be\/wp-content\/uploads\/2022\/05\/Logo_Centre_de_sante_Le_Foyer_72dpi.png","contentUrl":"https:\/\/lefoyerxl.be\/wp-content\/uploads\/2022\/05\/Logo_Centre_de_sante_Le_Foyer_72dpi.png","width":800,"height":620,"caption":"Centre de sant\u00e9 le foyer"},"image":{"@id":"https:\/\/lefoyerxl.be\/#\/schema\/logo\/image\/"}}]}},"_links":{"self":[{"href":"https:\/\/lefoyerxl.be\/en\/wp-json\/wp\/v2\/pages\/475","targetHints":{"allow":["GET"]}}],"collection":[{"href":"https:\/\/lefoyerxl.be\/en\/wp-json\/wp\/v2\/pages"}],"about":[{"href":"https:\/\/lefoyerxl.be\/en\/wp-json\/wp\/v2\/types\/page"}],"author":[{"embeddable":true,"href":"https:\/\/lefoyerxl.be\/en\/wp-json\/wp\/v2\/users\/1"}],"replies":[{"embeddable":true,"href":"https:\/\/lefoyerxl.be\/en\/wp-json\/wp\/v2\/comments?post=475"}],"version-history":[{"count":81,"href":"https:\/\/lefoyerxl.be\/en\/wp-json\/wp\/v2\/pages\/475\/revisions"}],"predecessor-version":[{"id":3315,"href":"https:\/\/lefoyerxl.be\/en\/wp-json\/wp\/v2\/pages\/475\/revisions\/3315"}],"wp:attachment":[{"href":"https:\/\/lefoyerxl.be\/en\/wp-json\/wp\/v2\/media?parent=475"}],"curies":[{"name":"wp","href":"https:\/\/api.w.org\/{rel}","templated":true}]}}