{"id":475,"date":"2022-05-24T18:55:35","date_gmt":"2022-05-24T16:55:35","guid":{"rendered":"https:\/\/lefoyerxl.be\/?page_id=475"},"modified":"2022-08-04T16:49:19","modified_gmt":"2022-08-04T14:49:19","slug":"bruxelles","status":"publish","type":"page","link":"https:\/\/lefoyerxl.be\/de\/brussel\/","title":{"rendered":"Br\u00fcssel"},"content":{"rendered":"<div data-elementor-type=\"wp-page\" data-elementor-id=\"475\" class=\"elementor elementor-475\" data-elementor-post-type=\"page\">\n\t\t\t\t\t\t<section class=\"elementor-section elementor-top-section elementor-element elementor-element-b8d7db6 elementor-section-boxed elementor-section-height-default elementor-section-height-default\" data-id=\"b8d7db6\" data-element_type=\"section\" data-e-type=\"section\">\n\t\t\t\t\t\t<div class=\"elementor-container elementor-column-gap-default\">\n\t\t\t\t\t<div class=\"elementor-column elementor-col-100 elementor-top-column elementor-element elementor-element-64f2fe2\" data-id=\"64f2fe2\" data-element_type=\"column\" data-e-type=\"column\">\n\t\t\t<div class=\"elementor-widget-wrap elementor-element-populated\">\n\t\t\t\t\t\t<div class=\"elementor-element elementor-element-0570d6b elementor-widget elementor-widget-sitemap\" data-id=\"0570d6b\" data-element_type=\"widget\" data-e-type=\"widget\" data-widget_type=\"sitemap.default\">\n\t\t\t\t<div class=\"elementor-widget-container\">\n\t\t\t\t\t<div class=\"elementor-sitemap-wrap\"><div class=\"elementor-sitemap-section\"><h2 class=\"elementor-sitemap-title elementor-sitemap-categories_bruxelles-title\">Kategorien<\/h2><ul class=\"elementor-sitemap-list elementor-sitemap-categories_bruxelles-list\">\t<li class=\"elementor-sitemap-item elementor-sitemap-item-categories_bruxelles cat-item cat-item-134\"><a href=\"https:\/\/lefoyerxl.be\/de\/categories_bruxelles\/soziales-leben-ausgehen\/\">Soziales Leben und Ausgehen<\/a>\n<\/li>\n\t<li class=\"elementor-sitemap-item elementor-sitemap-item-categories_bruxelles cat-item cat-item-130\"><a href=\"https:\/\/lefoyerxl.be\/de\/categories_bruxelles\/alltags-leben\/\">Allt\u00e4gliches Leben<\/a>\n<\/li>\n\t<li class=\"elementor-sitemap-item elementor-sitemap-item-categories_bruxelles cat-item cat-item-129\"><a href=\"https:\/\/lefoyerxl.be\/de\/categories_bruxelles\/arbeit-finanzen\/\">Arbeit und Finanzen<\/a>\n<\/li>\n\t<li class=\"elementor-sitemap-item elementor-sitemap-item-categories_bruxelles cat-item cat-item-135\"><a href=\"https:\/\/lefoyerxl.be\/de\/categories_bruxelles\/sport-gut-und-grun-freizeit\/\">Sport, Wellness &amp; Gr\u00fcne Freizeit<\/a>\n<\/li>\n\t<li class=\"elementor-sitemap-item elementor-sitemap-item-categories_bruxelles cat-item cat-item-131\"><a href=\"https:\/\/lefoyerxl.be\/de\/categories_bruxelles\/shopping\/\">Shopping<\/a>\n<\/li>\n\t<li class=\"elementor-sitemap-item elementor-sitemap-item-categories_bruxelles cat-item cat-item-128\"><a href=\"https:\/\/lefoyerxl.be\/de\/categories_bruxelles\/soziale-sicherheit-und-gesundheit\/\">Soziale Sicherheit und Gesundheit<\/a>\n<\/li>\n\t<li class=\"elementor-sitemap-item elementor-sitemap-item-categories_bruxelles cat-item cat-item-35\"><a href=\"https:\/\/lefoyerxl.be\/de\/categories_bruxelles\/integration-bruxelles\/\">S&#039;installieren und verbinden<\/a>\n<\/li>\n\t<li class=\"elementor-sitemap-item elementor-sitemap-item-categories_bruxelles cat-item cat-item-136\"><a href=\"https:\/\/lefoyerxl.be\/de\/categories_bruxelles\/metro-plan\/\">Plan der Metro<\/a>\n<\/li>\n\t<li class=\"elementor-sitemap-item elementor-sitemap-item-categories_bruxelles cat-item cat-item-138\"><a href=\"https:\/\/lefoyerxl.be\/de\/categories_bruxelles\/aufenthaltsformalitaten\/\">Formalit\u00e4ten f\u00fcr den Aufenthalt<\/a>\n<\/li>\n\t<li class=\"elementor-sitemap-item elementor-sitemap-item-categories_bruxelles cat-item cat-item-133\"><a href=\"https:\/\/lefoyerxl.be\/de\/categories_bruxelles\/bildung-sprachschule\/\">Bildung und Sprachschule<\/a>\n<\/li>\n\t<li class=\"elementor-sitemap-item elementor-sitemap-item-categories_bruxelles cat-item cat-item-132\"><a href=\"https:\/\/lefoyerxl.be\/de\/categories_bruxelles\/brussel-mit-kindern\/\">Br\u00fcssel mit Kindern<\/a>\n<\/li>\n\t<li class=\"elementor-sitemap-item elementor-sitemap-item-categories_bruxelles cat-item cat-item-137\"><a href=\"https:\/\/lefoyerxl.be\/de\/categories_bruxelles\/anwendungen-unverzichtbar\/\">Anwendungen und Unverzichtbares<\/a>\n<\/li>\n\t<li class=\"elementor-sitemap-item elementor-sitemap-item-categories_bruxelles cat-item cat-item-36\"><a href=\"https:\/\/lefoyerxl.be\/de\/categories_bruxelles\/verwaltung-versicherungen\/\">Verwaltung &amp; Versicherungen<\/a>\n<\/li>\n<\/ul><\/div><\/div>\t\t\t\t<\/div>\n\t\t\t\t<\/div>\n\t\t\t\t\t<\/div>\n\t\t<\/div>\n\t\t\t\t\t<\/div>\n\t\t<\/section>\n\t\t\t\t<section class=\"elementor-section elementor-top-section elementor-element elementor-element-987562a elementor-section-boxed elementor-section-height-default elementor-section-height-default\" data-id=\"987562a\" data-element_type=\"section\" data-e-type=\"section\">\n\t\t\t\t\t\t<div class=\"elementor-container elementor-column-gap-default\">\n\t\t\t\t\t<div class=\"elementor-column elementor-col-100 elementor-top-column elementor-element elementor-element-a45a589\" data-id=\"a45a589\" data-element_type=\"column\" data-e-type=\"column\">\n\t\t\t<div class=\"elementor-widget-wrap elementor-element-populated\">\n\t\t\t\t\t\t<div class=\"elementor-element elementor-element-9a9df38 elementor-widget elementor-widget-text-editor\" data-id=\"9a9df38\" data-element_type=\"widget\" data-e-type=\"widget\" data-widget_type=\"text-editor.default\">\n\t\t\t\t<div class=\"elementor-widget-container\">\n\t\t\t\t\t\t\t\t\t<p>Offiziell werden in Br\u00fcssel zwei Sprachen gesprochen, Franz\u00f6sisch (die Mehrheit) und Niederl\u00e4ndisch. Sie werden gl\u00fccklicherweise \u00fcberrascht sein, denn der Belgier kommt sehr gut mit Englisch zurecht und wenn Sie auf der Stra\u00dfe spazieren gehen, h\u00f6ren Sie alle Sprachen der Welt. Br\u00fcssel ist vor allem eine multikulturelle Stadt. Die Sitze der gro\u00dfen internationalen Organisationen und alles, was drumherum passiert, bereichern die Stadt mit Dutzenden von Nationalit\u00e4ten. Sie werden garantiert Freunde finden! Und als Sahneh\u00e4ubchen auf dem Kuchen bleibt Br\u00fcssel eine Hauptstadt von menschlicher Gr\u00f6\u00dfe.<\/p><div>\u00a0<\/div><div>Das Bildungswesen hat sich angepasst und Br\u00fcssel beherbergt eine gro\u00dfe Anzahl internationaler Schulen. Auch die englischsprachige Hochschulbildung kommt nicht zu kurz.<\/div><p>\u00a0<\/p>\t\t\t\t\t\t\t\t<\/div>\n\t\t\t\t<\/div>\n\t\t\t\t\t<\/div>\n\t\t<\/div>\n\t\t\t\t\t<\/div>\n\t\t<\/section>\n\t\t\t\t<section class=\"elementor-section elementor-top-section elementor-element elementor-element-3c5c935f elementor-section-full_width elementor-section-height-default elementor-section-height-default\" data-id=\"3c5c935f\" data-element_type=\"section\" data-e-type=\"section\">\n\t\t\t\t\t\t<div class=\"elementor-container elementor-column-gap-default\">\n\t\t\t\t\t<div class=\"elementor-column elementor-col-100 elementor-top-column elementor-element elementor-element-453c0c7d\" data-id=\"453c0c7d\" data-element_type=\"column\" data-e-type=\"column\">\n\t\t\t<div class=\"elementor-widget-wrap elementor-element-populated\">\n\t\t\t\t\t\t<div class=\"elementor-element elementor-element-3067afff elementor-hidden-mobile elementor-arrows-position-inside elementor-pagination-position-outside elementor-widget elementor-widget-image-carousel\" data-id=\"3067afff\" data-element_type=\"widget\" data-e-type=\"widget\" data-settings=\"{&quot;slides_to_show&quot;:&quot;1&quot;,&quot;autoplay_speed&quot;:7000,&quot;navigation&quot;:&quot;both&quot;,&quot;autoplay&quot;:&quot;yes&quot;,&quot;pause_on_hover&quot;:&quot;yes&quot;,&quot;pause_on_interaction&quot;:&quot;yes&quot;,&quot;infinite&quot;:&quot;yes&quot;,&quot;effect&quot;:&quot;slide&quot;,&quot;speed&quot;:500}\" data-widget_type=\"image-carousel.default\">\n\t\t\t\t<div class=\"elementor-widget-container\">\n\t\t\t\t\t\t\t<div class=\"elementor-image-carousel-wrapper swiper\" role=\"region\" aria-roledescription=\"carousel\" aria-label=\"Carrousel d\u2019images\" dir=\"ltr\">\n\t\t\t<div class=\"elementor-image-carousel swiper-wrapper swiper-image-stretch\" aria-live=\"off\">\n\t\t\t\t\t\t\t\t<div class=\"swiper-slide\" role=\"group\" aria-roledescription=\"slide\" aria-label=\"1 sur 3\"><figure class=\"swiper-slide-inner\"><img decoding=\"async\" class=\"swiper-slide-image\" src=\"https:\/\/lefoyerxl.be\/wp-content\/uploads\/2022\/05\/1000-Bruxelles-capitale_6.jpg\" alt=\"1000-Bruxelles-capitale_6\" \/><\/figure><\/div><div class=\"swiper-slide\" role=\"group\" aria-roledescription=\"slide\" aria-label=\"2 sur 3\"><figure class=\"swiper-slide-inner\"><img decoding=\"async\" class=\"swiper-slide-image\" src=\"https:\/\/lefoyerxl.be\/wp-content\/uploads\/2022\/05\/1000-Bruxelles-capitale_8.jpg\" alt=\"1000-Bruxelles-capitale_8\" \/><\/figure><\/div><div class=\"swiper-slide\" role=\"group\" aria-roledescription=\"slide\" aria-label=\"3 sur 3\"><figure class=\"swiper-slide-inner\"><img decoding=\"async\" class=\"swiper-slide-image\" src=\"https:\/\/lefoyerxl.be\/wp-content\/uploads\/2022\/05\/1000-Bruxelles-capitale_18.jpg\" alt=\"1000-Bruxelles-capitale_18\" \/><\/figure><\/div>\t\t\t<\/div>\n\t\t\t\t\t\t\t\t\t\t\t\t<div class=\"elementor-swiper-button elementor-swiper-button-prev\" role=\"button\" tabindex=\"0\">\n\t\t\t\t\t\t<i aria-hidden=\"true\" class=\"eicon-chevron-left\"><\/i>\t\t\t\t\t<\/div>\n\t\t\t\t\t<div class=\"elementor-swiper-button elementor-swiper-button-next\" role=\"button\" tabindex=\"0\">\n\t\t\t\t\t\t<i aria-hidden=\"true\" class=\"eicon-chevron-right\"><\/i>\t\t\t\t\t<\/div>\n\t\t\t\t\n\t\t\t\t\t\t\t\t\t<div class=\"swiper-pagination\"><\/div>\n\t\t\t\t\t\t\t\t\t<\/div>\n\t\t\t\t\t\t<\/div>\n\t\t\t\t<\/div>\n\t\t\t\t<div class=\"elementor-element elementor-element-6f39bbb0 elementor-hidden-desktop elementor-hidden-tablet elementor-arrows-position-inside elementor-pagination-position-outside elementor-widget elementor-widget-image-carousel\" data-id=\"6f39bbb0\" data-element_type=\"widget\" data-e-type=\"widget\" data-settings=\"{&quot;slides_to_show&quot;:&quot;1&quot;,&quot;autoplay_speed&quot;:7000,&quot;navigation&quot;:&quot;both&quot;,&quot;autoplay&quot;:&quot;yes&quot;,&quot;pause_on_hover&quot;:&quot;yes&quot;,&quot;pause_on_interaction&quot;:&quot;yes&quot;,&quot;infinite&quot;:&quot;yes&quot;,&quot;effect&quot;:&quot;slide&quot;,&quot;speed&quot;:500}\" data-widget_type=\"image-carousel.default\">\n\t\t\t\t<div class=\"elementor-widget-container\">\n\t\t\t\t\t\t\t<div class=\"elementor-image-carousel-wrapper swiper\" role=\"region\" aria-roledescription=\"carousel\" aria-label=\"Carrousel d\u2019images\" dir=\"ltr\">\n\t\t\t<div class=\"elementor-image-carousel swiper-wrapper swiper-image-stretch\" aria-live=\"off\">\n\t\t\t\t\t\t\t\t<div class=\"swiper-slide\" role=\"group\" aria-roledescription=\"slide\" aria-label=\"1 sur 3\"><figure class=\"swiper-slide-inner\"><img decoding=\"async\" class=\"swiper-slide-image\" src=\"https:\/\/lefoyerxl.be\/wp-content\/uploads\/2022\/05\/1000-Bruxelles-capitale_mobile_6.jpg\" alt=\"1000-Bruxelles-capitale_mobile_6\" \/><\/figure><\/div><div class=\"swiper-slide\" role=\"group\" aria-roledescription=\"slide\" aria-label=\"2 sur 3\"><figure class=\"swiper-slide-inner\"><img decoding=\"async\" class=\"swiper-slide-image\" src=\"https:\/\/lefoyerxl.be\/wp-content\/uploads\/2022\/05\/1000-Bruxelles-capitale_mobile_8.jpg\" alt=\"1000-Bruxelles-capitale_mobile_8\" \/><\/figure><\/div><div class=\"swiper-slide\" role=\"group\" aria-roledescription=\"slide\" aria-label=\"3 sur 3\"><figure class=\"swiper-slide-inner\"><img decoding=\"async\" class=\"swiper-slide-image\" src=\"https:\/\/lefoyerxl.be\/wp-content\/uploads\/2022\/05\/1000-Bruxelles-capitale_mobile_18.jpg\" alt=\"1000-Bruxelles-capitale_mobile_18\" \/><\/figure><\/div>\t\t\t<\/div>\n\t\t\t\t\t\t\t\t\t\t\t\t<div class=\"elementor-swiper-button elementor-swiper-button-prev\" role=\"button\" tabindex=\"0\">\n\t\t\t\t\t\t<i aria-hidden=\"true\" class=\"eicon-chevron-left\"><\/i>\t\t\t\t\t<\/div>\n\t\t\t\t\t<div class=\"elementor-swiper-button elementor-swiper-button-next\" role=\"button\" tabindex=\"0\">\n\t\t\t\t\t\t<i aria-hidden=\"true\" class=\"eicon-chevron-right\"><\/i>\t\t\t\t\t<\/div>\n\t\t\t\t\n\t\t\t\t\t\t\t\t\t<div class=\"swiper-pagination\"><\/div>\n\t\t\t\t\t\t\t\t\t<\/div>\n\t\t\t\t\t\t<\/div>\n\t\t\t\t<\/div>\n\t\t\t\t\t<\/div>\n\t\t<\/div>\n\t\t\t\t\t<\/div>\n\t\t<\/section>\n\t\t\t\t<\/div>","protected":false},"excerpt":{"rendered":"<p>Offiziell werden in Br\u00fcssel zwei Sprachen gesprochen, Franz\u00f6sisch (Mehrheit)... <a class=\"more-link\" href=\"https:\/\/lefoyerxl.be\/de\/brussel\/\"><span class=\"screen-reader-text\">Br\u00fcssel<\/span> weiterlesen<\/a><\/p>","protected":false},"author":1,"featured_media":0,"parent":0,"menu_order":0,"comment_status":"closed","ping_status":"closed","template":"","meta":{"_acf_changed":false,"footnotes":""},"class_list":["post-475","page","type-page","status-publish","hentry","entry"],"acf":[],"yoast_head":"<!-- This site is optimized with the Yoast SEO plugin v27.3 - https:\/\/yoast.com\/product\/yoast-seo-wordpress\/ -->\n<title>Bruxelles - Centre de sant\u00e9 le foyer<\/title>\n<meta name=\"description\" content=\"Nouveau arrivant \u00e0 Bruxelles ? Le Centre de Sant\u00e9 le Foyer vous offre un tour guid\u00e9 de la capitale !\" \/>\n<meta name=\"robots\" content=\"index, follow, max-snippet:-1, max-image-preview:large, max-video-preview:-1\" \/>\n<link rel=\"canonical\" href=\"https:\/\/lefoyerxl.be\/de\/brussel\/\" \/>\n<meta property=\"og:locale\" content=\"de_DE\" \/>\n<meta property=\"og:type\" content=\"article\" \/>\n<meta property=\"og:title\" content=\"Bruxelles - Centre de sant\u00e9 le foyer\" \/>\n<meta property=\"og:description\" content=\"Nouveau arrivant \u00e0 Bruxelles ? Le Centre de Sant\u00e9 le Foyer vous offre un tour guid\u00e9 de la capitale !\" \/>\n<meta property=\"og:url\" content=\"https:\/\/lefoyerxl.be\/de\/brussel\/\" \/>\n<meta property=\"og:site_name\" content=\"Centre de sant\u00e9 le foyer\" \/>\n<meta property=\"article:modified_time\" content=\"2022-08-04T14:49:19+00:00\" \/>\n<meta property=\"og:image\" content=\"https:\/\/lefoyerxl.be\/wp-content\/uploads\/2022\/05\/1000-Bruxelles-capitale_6.jpg\" \/>\n<meta name=\"twitter:card\" content=\"summary_large_image\" \/>\n<meta name=\"twitter:label1\" content=\"Gesch\u00e4tzte Lesezeit\" \/>\n\t<meta name=\"twitter:data1\" content=\"2\u00a0Minuten\" \/>\n<script type=\"application\/ld+json\" class=\"yoast-schema-graph\">{\"@context\":\"https:\\\/\\\/schema.org\",\"@graph\":[{\"@type\":\"WebPage\",\"@id\":\"https:\\\/\\\/lefoyerxl.be\\\/bruxelles\\\/\",\"url\":\"https:\\\/\\\/lefoyerxl.be\\\/bruxelles\\\/\",\"name\":\"Bruxelles - Centre de sant\u00e9 le foyer\",\"isPartOf\":{\"@id\":\"https:\\\/\\\/lefoyerxl.be\\\/#website\"},\"primaryImageOfPage\":{\"@id\":\"https:\\\/\\\/lefoyerxl.be\\\/bruxelles\\\/#primaryimage\"},\"image\":{\"@id\":\"https:\\\/\\\/lefoyerxl.be\\\/bruxelles\\\/#primaryimage\"},\"thumbnailUrl\":\"https:\\\/\\\/lefoyerxl.be\\\/wp-content\\\/uploads\\\/2022\\\/05\\\/1000-Bruxelles-capitale_6.jpg\",\"datePublished\":\"2022-05-24T16:55:35+00:00\",\"dateModified\":\"2022-08-04T14:49:19+00:00\",\"description\":\"Nouveau arrivant \u00e0 Bruxelles ? Le Centre de Sant\u00e9 le Foyer vous offre un tour guid\u00e9 de la capitale !\",\"breadcrumb\":{\"@id\":\"https:\\\/\\\/lefoyerxl.be\\\/bruxelles\\\/#breadcrumb\"},\"inLanguage\":\"de\",\"potentialAction\":[{\"@type\":\"ReadAction\",\"target\":[\"https:\\\/\\\/lefoyerxl.be\\\/bruxelles\\\/\"]}]},{\"@type\":\"ImageObject\",\"inLanguage\":\"de\",\"@id\":\"https:\\\/\\\/lefoyerxl.be\\\/bruxelles\\\/#primaryimage\",\"url\":\"https:\\\/\\\/lefoyerxl.be\\\/wp-content\\\/uploads\\\/2022\\\/05\\\/1000-Bruxelles-capitale_6.jpg\",\"contentUrl\":\"https:\\\/\\\/lefoyerxl.be\\\/wp-content\\\/uploads\\\/2022\\\/05\\\/1000-Bruxelles-capitale_6.jpg\"},{\"@type\":\"BreadcrumbList\",\"@id\":\"https:\\\/\\\/lefoyerxl.be\\\/bruxelles\\\/#breadcrumb\",\"itemListElement\":[{\"@type\":\"ListItem\",\"position\":1,\"name\":\"Accueil\",\"item\":\"https:\\\/\\\/lefoyerxl.be\\\/\"},{\"@type\":\"ListItem\",\"position\":2,\"name\":\"Bruxelles\"}]},{\"@type\":\"WebSite\",\"@id\":\"https:\\\/\\\/lefoyerxl.be\\\/#website\",\"url\":\"https:\\\/\\\/lefoyerxl.be\\\/\",\"name\":\"Centre de sant\u00e9 le foyer\",\"description\":\"\",\"publisher\":{\"@id\":\"https:\\\/\\\/lefoyerxl.be\\\/#organization\"},\"potentialAction\":[{\"@type\":\"SearchAction\",\"target\":{\"@type\":\"EntryPoint\",\"urlTemplate\":\"https:\\\/\\\/lefoyerxl.be\\\/?s={search_term_string}\"},\"query-input\":{\"@type\":\"PropertyValueSpecification\",\"valueRequired\":true,\"valueName\":\"search_term_string\"}}],\"inLanguage\":\"de\"},{\"@type\":\"Organization\",\"@id\":\"https:\\\/\\\/lefoyerxl.be\\\/#organization\",\"name\":\"Centre de sant\u00e9 le foyer\",\"url\":\"https:\\\/\\\/lefoyerxl.be\\\/\",\"logo\":{\"@type\":\"ImageObject\",\"inLanguage\":\"de\",\"@id\":\"https:\\\/\\\/lefoyerxl.be\\\/#\\\/schema\\\/logo\\\/image\\\/\",\"url\":\"https:\\\/\\\/lefoyerxl.be\\\/wp-content\\\/uploads\\\/2022\\\/05\\\/Logo_Centre_de_sante_Le_Foyer_72dpi.png\",\"contentUrl\":\"https:\\\/\\\/lefoyerxl.be\\\/wp-content\\\/uploads\\\/2022\\\/05\\\/Logo_Centre_de_sante_Le_Foyer_72dpi.png\",\"width\":800,\"height\":620,\"caption\":\"Centre de sant\u00e9 le foyer\"},\"image\":{\"@id\":\"https:\\\/\\\/lefoyerxl.be\\\/#\\\/schema\\\/logo\\\/image\\\/\"}}]}<\/script>\n<!-- \/ Yoast SEO plugin. -->","yoast_head_json":{"title":"Br\u00fcssel - Gesundheitszentrum le foyer","description":"Neuank\u00f6mmling in Br\u00fcssel? Das Gesundheitszentrum le Foyer bietet Ihnen eine gef\u00fchrte Tour durch die Hauptstadt an!","robots":{"index":"index","follow":"follow","max-snippet":"max-snippet:-1","max-image-preview":"max-image-preview:large","max-video-preview":"max-video-preview:-1"},"canonical":"https:\/\/lefoyerxl.be\/de\/brussel\/","og_locale":"de_DE","og_type":"article","og_title":"Bruxelles - Centre de sant\u00e9 le foyer","og_description":"Nouveau arrivant \u00e0 Bruxelles ? Le Centre de Sant\u00e9 le Foyer vous offre un tour guid\u00e9 de la capitale !","og_url":"https:\/\/lefoyerxl.be\/de\/brussel\/","og_site_name":"Centre de sant\u00e9 le foyer","article_modified_time":"2022-08-04T14:49:19+00:00","og_image":[{"url":"https:\/\/lefoyerxl.be\/wp-content\/uploads\/2022\/05\/1000-Bruxelles-capitale_6.jpg","type":"","width":"","height":""}],"twitter_card":"summary_large_image","twitter_misc":{"Gesch\u00e4tzte Lesezeit":"2\u00a0Minuten"},"schema":{"@context":"https:\/\/schema.org","@graph":[{"@type":"WebPage","@id":"https:\/\/lefoyerxl.be\/bruxelles\/","url":"https:\/\/lefoyerxl.be\/bruxelles\/","name":"Br\u00fcssel - Gesundheitszentrum le foyer","isPartOf":{"@id":"https:\/\/lefoyerxl.be\/#website"},"primaryImageOfPage":{"@id":"https:\/\/lefoyerxl.be\/bruxelles\/#primaryimage"},"image":{"@id":"https:\/\/lefoyerxl.be\/bruxelles\/#primaryimage"},"thumbnailUrl":"https:\/\/lefoyerxl.be\/wp-content\/uploads\/2022\/05\/1000-Bruxelles-capitale_6.jpg","datePublished":"2022-05-24T16:55:35+00:00","dateModified":"2022-08-04T14:49:19+00:00","description":"Neuank\u00f6mmling in Br\u00fcssel? Das Gesundheitszentrum le Foyer bietet Ihnen eine gef\u00fchrte Tour durch die Hauptstadt an!","breadcrumb":{"@id":"https:\/\/lefoyerxl.be\/bruxelles\/#breadcrumb"},"inLanguage":"de","potentialAction":[{"@type":"ReadAction","target":["https:\/\/lefoyerxl.be\/bruxelles\/"]}]},{"@type":"ImageObject","inLanguage":"de","@id":"https:\/\/lefoyerxl.be\/bruxelles\/#primaryimage","url":"https:\/\/lefoyerxl.be\/wp-content\/uploads\/2022\/05\/1000-Bruxelles-capitale_6.jpg","contentUrl":"https:\/\/lefoyerxl.be\/wp-content\/uploads\/2022\/05\/1000-Bruxelles-capitale_6.jpg"},{"@type":"BreadcrumbList","@id":"https:\/\/lefoyerxl.be\/bruxelles\/#breadcrumb","itemListElement":[{"@type":"ListItem","position":1,"name":"Accueil","item":"https:\/\/lefoyerxl.be\/"},{"@type":"ListItem","position":2,"name":"Bruxelles"}]},{"@type":"WebSite","@id":"https:\/\/lefoyerxl.be\/#website","url":"https:\/\/lefoyerxl.be\/","name":"Gesundheitszentrum le foyer","description":"","publisher":{"@id":"https:\/\/lefoyerxl.be\/#organization"},"potentialAction":[{"@type":"SearchAction","target":{"@type":"EntryPoint","urlTemplate":"https:\/\/lefoyerxl.be\/?s={search_term_string}"},"query-input":{"@type":"PropertyValueSpecification","valueRequired":true,"valueName":"search_term_string"}}],"inLanguage":"de"},{"@type":"Organization","@id":"https:\/\/lefoyerxl.be\/#organization","name":"Gesundheitszentrum le foyer","url":"https:\/\/lefoyerxl.be\/","logo":{"@type":"ImageObject","inLanguage":"de","@id":"https:\/\/lefoyerxl.be\/#\/schema\/logo\/image\/","url":"https:\/\/lefoyerxl.be\/wp-content\/uploads\/2022\/05\/Logo_Centre_de_sante_Le_Foyer_72dpi.png","contentUrl":"https:\/\/lefoyerxl.be\/wp-content\/uploads\/2022\/05\/Logo_Centre_de_sante_Le_Foyer_72dpi.png","width":800,"height":620,"caption":"Centre de sant\u00e9 le foyer"},"image":{"@id":"https:\/\/lefoyerxl.be\/#\/schema\/logo\/image\/"}}]}},"_links":{"self":[{"href":"https:\/\/lefoyerxl.be\/de\/wp-json\/wp\/v2\/pages\/475","targetHints":{"allow":["GET"]}}],"collection":[{"href":"https:\/\/lefoyerxl.be\/de\/wp-json\/wp\/v2\/pages"}],"about":[{"href":"https:\/\/lefoyerxl.be\/de\/wp-json\/wp\/v2\/types\/page"}],"author":[{"embeddable":true,"href":"https:\/\/lefoyerxl.be\/de\/wp-json\/wp\/v2\/users\/1"}],"replies":[{"embeddable":true,"href":"https:\/\/lefoyerxl.be\/de\/wp-json\/wp\/v2\/comments?post=475"}],"version-history":[{"count":81,"href":"https:\/\/lefoyerxl.be\/de\/wp-json\/wp\/v2\/pages\/475\/revisions"}],"predecessor-version":[{"id":3315,"href":"https:\/\/lefoyerxl.be\/de\/wp-json\/wp\/v2\/pages\/475\/revisions\/3315"}],"wp:attachment":[{"href":"https:\/\/lefoyerxl.be\/de\/wp-json\/wp\/v2\/media?parent=475"}],"curies":[{"name":"wp","href":"https:\/\/api.w.org\/{rel}","templated":true}]}}